{"id":1588,"date":"2021-09-13T12:17:56","date_gmt":"2021-09-13T10:17:56","guid":{"rendered":"https:\/\/www.assograie.org\/isrivers\/?page_id=1588"},"modified":"2024-03-21T09:16:40","modified_gmt":"2024-03-21T08:16:40","slug":"apercu-general-2018","status":"publish","type":"page","link":"https:\/\/www.assograie.org\/isrivers\/precedentes-conferences-isrivers\/isrivers-edition-2018\/apercu-general-2018\/","title":{"rendered":"Photos &#8211; Aper\u00e7u g\u00e9n\u00e9ral &#8211; 2018"},"content":{"rendered":"\n<p>Workshops compris<\/p>\n\n\n\nngg_shortcode_0_placeholder\n\n\n\n<p><\/p>\n","protected":false},"excerpt":{"rendered":"<p>Workshops compris<\/p>\n","protected":false},"author":1,"featured_media":0,"parent":317,"menu_order":-2,"comment_status":"closed","ping_status":"closed","template":"","meta":{"ngg_post_thumbnail":0,"footnotes":""},"folder":[],"class_list":["post-1588","page","type-page","status-publish"],"yoast_head":"<!-- This site is optimized with the Yoast SEO plugin v26.8 - https:\/\/yoast.com\/product\/yoast-seo-wordpress\/ -->\n<title>Photos - Aper\u00e7u g\u00e9n\u00e9ral - 2018 - I.S.Rivers<\/title>\n<meta name=\"robots\" content=\"index, follow, max-snippet:-1, max-image-preview:large, max-video-preview:-1\" \/>\n<link rel=\"canonical\" href=\"https:\/\/www.assograie.org\/isrivers\/precedentes-conferences-isrivers\/isrivers-edition-2018\/apercu-general-2018\/\" \/>\n<meta property=\"og:locale\" content=\"fr_FR\" \/>\n<meta property=\"og:type\" content=\"article\" \/>\n<meta property=\"og:title\" content=\"Photos - Aper\u00e7u g\u00e9n\u00e9ral - 2018 - I.S.Rivers\" \/>\n<meta property=\"og:description\" content=\"Workshops compris\" \/>\n<meta property=\"og:url\" content=\"https:\/\/www.assograie.org\/isrivers\/precedentes-conferences-isrivers\/isrivers-edition-2018\/apercu-general-2018\/\" \/>\n<meta property=\"og:site_name\" content=\"I.S.Rivers\" \/>\n<meta property=\"article:modified_time\" content=\"2024-03-21T08:16:40+00:00\" \/>\n<meta name=\"twitter:card\" content=\"summary_large_image\" \/>\n<meta name=\"twitter:label1\" content=\"Dur\u00e9e de lecture estim\u00e9e\" \/>\n\t<meta name=\"twitter:data1\" content=\"1 minute\" \/>\n<script type=\"application\/ld+json\" class=\"yoast-schema-graph\">{\"@context\":\"https:\/\/schema.org\",\"@graph\":[{\"@type\":\"WebPage\",\"@id\":\"https:\/\/www.assograie.org\/isrivers\/precedentes-conferences-isrivers\/isrivers-edition-2018\/apercu-general-2018\/\",\"url\":\"https:\/\/www.assograie.org\/isrivers\/precedentes-conferences-isrivers\/isrivers-edition-2018\/apercu-general-2018\/\",\"name\":\"Photos - Aper\u00e7u g\u00e9n\u00e9ral - 2018 - I.S.Rivers\",\"isPartOf\":{\"@id\":\"https:\/\/www.assograie.org\/isrivers\/#website\"},\"datePublished\":\"2021-09-13T10:17:56+00:00\",\"dateModified\":\"2024-03-21T08:16:40+00:00\",\"breadcrumb\":{\"@id\":\"https:\/\/www.assograie.org\/isrivers\/precedentes-conferences-isrivers\/isrivers-edition-2018\/apercu-general-2018\/#breadcrumb\"},\"inLanguage\":\"fr-FR\",\"potentialAction\":[{\"@type\":\"ReadAction\",\"target\":[\"https:\/\/www.assograie.org\/isrivers\/precedentes-conferences-isrivers\/isrivers-edition-2018\/apercu-general-2018\/\"]}]},{\"@type\":\"BreadcrumbList\",\"@id\":\"https:\/\/www.assograie.org\/isrivers\/precedentes-conferences-isrivers\/isrivers-edition-2018\/apercu-general-2018\/#breadcrumb\",\"itemListElement\":[{\"@type\":\"ListItem\",\"position\":1,\"name\":\"Accueil\",\"item\":\"https:\/\/www.assograie.org\/isrivers\/\"},{\"@type\":\"ListItem\",\"position\":2,\"name\":\"Les pr\u00e9c\u00e9dentes conf\u00e9rences I.S.Rivers\",\"item\":\"https:\/\/www.assograie.org\/isrivers\/precedentes-conferences-isrivers\/\"},{\"@type\":\"ListItem\",\"position\":3,\"name\":\"I.S.Rivers &#8211; \u00c9dition 2018\",\"item\":\"https:\/\/www.assograie.org\/isrivers\/precedentes-conferences-isrivers\/isrivers-edition-2018\/\"},{\"@type\":\"ListItem\",\"position\":4,\"name\":\"Photos &#8211; Aper\u00e7u g\u00e9n\u00e9ral &#8211; 2018\"}]},{\"@type\":\"WebSite\",\"@id\":\"https:\/\/www.assograie.org\/isrivers\/#website\",\"url\":\"https:\/\/www.assograie.org\/isrivers\/\",\"name\":\"I.S.Rivers\",\"description\":\"international conference on integrative sciences and sustainable development of rivers\",\"publisher\":{\"@id\":\"https:\/\/www.assograie.org\/isrivers\/#organization\"},\"potentialAction\":[{\"@type\":\"SearchAction\",\"target\":{\"@type\":\"EntryPoint\",\"urlTemplate\":\"https:\/\/www.assograie.org\/isrivers\/?s={search_term_string}\"},\"query-input\":{\"@type\":\"PropertyValueSpecification\",\"valueRequired\":true,\"valueName\":\"search_term_string\"}}],\"inLanguage\":\"fr-FR\"},{\"@type\":\"Organization\",\"@id\":\"https:\/\/www.assograie.org\/isrivers\/#organization\",\"name\":\"I.S.Rivers\",\"url\":\"https:\/\/www.assograie.org\/isrivers\/\",\"logo\":{\"@type\":\"ImageObject\",\"inLanguage\":\"fr-FR\",\"@id\":\"https:\/\/www.assograie.org\/isrivers\/#\/schema\/logo\/image\/\",\"url\":\"https:\/\/www.assograie.org\/isrivers\/wp-content\/uploads\/2021\/08\/cropped-Logo-IS-RIVERS-HD.jpg\",\"contentUrl\":\"https:\/\/www.assograie.org\/isrivers\/wp-content\/uploads\/2021\/08\/cropped-Logo-IS-RIVERS-HD.jpg\",\"width\":1364,\"height\":711,\"caption\":\"I.S.Rivers\"},\"image\":{\"@id\":\"https:\/\/www.assograie.org\/isrivers\/#\/schema\/logo\/image\/\"}}]}<\/script>\n<!-- \/ Yoast SEO plugin. -->","yoast_head_json":{"title":"Photos - Aper\u00e7u g\u00e9n\u00e9ral - 2018 - I.S.Rivers","robots":{"index":"index","follow":"follow","max-snippet":"max-snippet:-1","max-image-preview":"max-image-preview:large","max-video-preview":"max-video-preview:-1"},"canonical":"https:\/\/www.assograie.org\/isrivers\/precedentes-conferences-isrivers\/isrivers-edition-2018\/apercu-general-2018\/","og_locale":"fr_FR","og_type":"article","og_title":"Photos - Aper\u00e7u g\u00e9n\u00e9ral - 2018 - I.S.Rivers","og_description":"Workshops compris","og_url":"https:\/\/www.assograie.org\/isrivers\/precedentes-conferences-isrivers\/isrivers-edition-2018\/apercu-general-2018\/","og_site_name":"I.S.Rivers","article_modified_time":"2024-03-21T08:16:40+00:00","twitter_card":"summary_large_image","twitter_misc":{"Dur\u00e9e de lecture estim\u00e9e":"1 minute"},"schema":{"@context":"https:\/\/schema.org","@graph":[{"@type":"WebPage","@id":"https:\/\/www.assograie.org\/isrivers\/precedentes-conferences-isrivers\/isrivers-edition-2018\/apercu-general-2018\/","url":"https:\/\/www.assograie.org\/isrivers\/precedentes-conferences-isrivers\/isrivers-edition-2018\/apercu-general-2018\/","name":"Photos - Aper\u00e7u g\u00e9n\u00e9ral - 2018 - I.S.Rivers","isPartOf":{"@id":"https:\/\/www.assograie.org\/isrivers\/#website"},"datePublished":"2021-09-13T10:17:56+00:00","dateModified":"2024-03-21T08:16:40+00:00","breadcrumb":{"@id":"https:\/\/www.assograie.org\/isrivers\/precedentes-conferences-isrivers\/isrivers-edition-2018\/apercu-general-2018\/#breadcrumb"},"inLanguage":"fr-FR","potentialAction":[{"@type":"ReadAction","target":["https:\/\/www.assograie.org\/isrivers\/precedentes-conferences-isrivers\/isrivers-edition-2018\/apercu-general-2018\/"]}]},{"@type":"BreadcrumbList","@id":"https:\/\/www.assograie.org\/isrivers\/precedentes-conferences-isrivers\/isrivers-edition-2018\/apercu-general-2018\/#breadcrumb","itemListElement":[{"@type":"ListItem","position":1,"name":"Accueil","item":"https:\/\/www.assograie.org\/isrivers\/"},{"@type":"ListItem","position":2,"name":"Les pr\u00e9c\u00e9dentes conf\u00e9rences I.S.Rivers","item":"https:\/\/www.assograie.org\/isrivers\/precedentes-conferences-isrivers\/"},{"@type":"ListItem","position":3,"name":"I.S.Rivers &#8211; \u00c9dition 2018","item":"https:\/\/www.assograie.org\/isrivers\/precedentes-conferences-isrivers\/isrivers-edition-2018\/"},{"@type":"ListItem","position":4,"name":"Photos &#8211; Aper\u00e7u g\u00e9n\u00e9ral &#8211; 2018"}]},{"@type":"WebSite","@id":"https:\/\/www.assograie.org\/isrivers\/#website","url":"https:\/\/www.assograie.org\/isrivers\/","name":"I.S.Rivers","description":"international conference on integrative sciences and sustainable development of rivers","publisher":{"@id":"https:\/\/www.assograie.org\/isrivers\/#organization"},"potentialAction":[{"@type":"SearchAction","target":{"@type":"EntryPoint","urlTemplate":"https:\/\/www.assograie.org\/isrivers\/?s={search_term_string}"},"query-input":{"@type":"PropertyValueSpecification","valueRequired":true,"valueName":"search_term_string"}}],"inLanguage":"fr-FR"},{"@type":"Organization","@id":"https:\/\/www.assograie.org\/isrivers\/#organization","name":"I.S.Rivers","url":"https:\/\/www.assograie.org\/isrivers\/","logo":{"@type":"ImageObject","inLanguage":"fr-FR","@id":"https:\/\/www.assograie.org\/isrivers\/#\/schema\/logo\/image\/","url":"https:\/\/www.assograie.org\/isrivers\/wp-content\/uploads\/2021\/08\/cropped-Logo-IS-RIVERS-HD.jpg","contentUrl":"https:\/\/www.assograie.org\/isrivers\/wp-content\/uploads\/2021\/08\/cropped-Logo-IS-RIVERS-HD.jpg","width":1364,"height":711,"caption":"I.S.Rivers"},"image":{"@id":"https:\/\/www.assograie.org\/isrivers\/#\/schema\/logo\/image\/"}}]}},"_links":{"self":[{"href":"https:\/\/www.assograie.org\/isrivers\/wp-json\/wp\/v2\/pages\/1588","targetHints":{"allow":["GET"]}}],"collection":[{"href":"https:\/\/www.assograie.org\/isrivers\/wp-json\/wp\/v2\/pages"}],"about":[{"href":"https:\/\/www.assograie.org\/isrivers\/wp-json\/wp\/v2\/types\/page"}],"author":[{"embeddable":true,"href":"https:\/\/www.assograie.org\/isrivers\/wp-json\/wp\/v2\/users\/1"}],"replies":[{"embeddable":true,"href":"https:\/\/www.assograie.org\/isrivers\/wp-json\/wp\/v2\/comments?post=1588"}],"version-history":[{"count":1,"href":"https:\/\/www.assograie.org\/isrivers\/wp-json\/wp\/v2\/pages\/1588\/revisions"}],"predecessor-version":[{"id":5397,"href":"https:\/\/www.assograie.org\/isrivers\/wp-json\/wp\/v2\/pages\/1588\/revisions\/5397"}],"up":[{"embeddable":true,"href":"https:\/\/www.assograie.org\/isrivers\/wp-json\/wp\/v2\/pages\/317"}],"wp:attachment":[{"href":"https:\/\/www.assograie.org\/isrivers\/wp-json\/wp\/v2\/media?parent=1588"}],"wp:term":[{"taxonomy":"folder","embeddable":true,"href":"https:\/\/www.assograie.org\/isrivers\/wp-json\/wp\/v2\/folder?post=1588"}],"curies":[{"name":"wp","href":"https:\/\/api.w.org\/{rel}","templated":true}]}}