{"id":26,"date":"2021-08-03T20:05:57","date_gmt":"2021-08-03T18:05:57","guid":{"rendered":"https:\/\/www.assograie.org\/isrivers\/accueil-francais\/"},"modified":"2025-12-16T15:06:45","modified_gmt":"2025-12-16T14:06:45","slug":"accueil-francais","status":"publish","type":"page","link":"https:\/\/www.assograie.org\/isrivers\/","title":{"rendered":"Accueil_fran\u00e7ais"},"content":{"rendered":"\n<h2 class=\"wp-block-heading has-text-align-center\" id=\"4e-conference-internationale-i-s-rivers\"><strong>Conf\u00e9rence internationale I.S.Rivers<\/strong><mark style=\"background-color:rgba(0, 0, 0, 0);color:#ff7350\" class=\"has-inline-color\"><strong><strong><strong> <\/strong><\/strong><\/strong><\/mark><\/h2>\n\n\n\n<div class=\"wp-block-columns is-layout-flex wp-container-core-columns-is-layout-9d6595d7 wp-block-columns-is-layout-flex\">\n<div class=\"wp-block-column is-vertically-aligned-center is-layout-flow wp-block-column-is-layout-flow\">\n<h4 class=\"wp-block-heading has-text-align-center has-text-color has-link-color wp-elements-c00389065cb716889a5d5a116d26189b\" id=\"recherches-et-actions-au-service-des-fleuves-et-grandes-rivieres\" style=\"color:#4d4d4d\"><strong>Recherches et actions au service des fleuves et grandes rivi\u00e8res<\/strong> <\/h4>\n\n\n\n<div style=\"height:20px\" aria-hidden=\"true\" class=\"wp-block-spacer\"><\/div>\n\n\n\n<h3 class=\"wp-block-heading has-text-align-center has-text-color has-link-color wp-elements-1ada618ed425a0458eb6f5175f04c04f\" style=\"color:#ee7203\"><strong>La 5\u1d49 \u00e9dition de la conf\u00e9rence a eu lieu du 30 juin au 4 juillet 2025 ! Rendez vous en 2028 !<\/strong><\/h3>\n\n\n\n<h3 class=\"wp-block-heading has-text-align-center\" id=\"lyon-france\">Lyon, France <\/h3>\n\n\n\n<div style=\"height:45px\" aria-hidden=\"true\" class=\"wp-block-spacer\"><\/div>\n<\/div>\n\n\n\n<div class=\"wp-block-column is-vertically-aligned-center is-layout-flow wp-block-column-is-layout-flow\">\n<figure class=\"wp-block-image size-full\"><img loading=\"lazy\" decoding=\"async\" width=\"2560\" height=\"1684\" src=\"https:\/\/www.assograie.org\/isrivers\/wp-content\/uploads\/2025\/07\/DSC0853_DxO-2-scaled.jpg\" alt=\"\" class=\"wp-image-8178\" srcset=\"https:\/\/www.assograie.org\/isrivers\/wp-content\/uploads\/2025\/07\/DSC0853_DxO-2-scaled.jpg 2560w, https:\/\/www.assograie.org\/isrivers\/wp-content\/uploads\/2025\/07\/DSC0853_DxO-2-300x197.jpg 300w, https:\/\/www.assograie.org\/isrivers\/wp-content\/uploads\/2025\/07\/DSC0853_DxO-2-1024x674.jpg 1024w, https:\/\/www.assograie.org\/isrivers\/wp-content\/uploads\/2025\/07\/DSC0853_DxO-2-768x505.jpg 768w, https:\/\/www.assograie.org\/isrivers\/wp-content\/uploads\/2025\/07\/DSC0853_DxO-2-1536x1010.jpg 1536w, https:\/\/www.assograie.org\/isrivers\/wp-content\/uploads\/2025\/07\/DSC0853_DxO-2-2048x1347.jpg 2048w\" sizes=\"auto, (max-width: 2560px) 100vw, 2560px\" \/><\/figure>\n<\/div>\n<\/div>\n\n\n\n<h3 class=\"wp-block-heading\">Retour sur I.S.Rivers 2025<\/h3>\n\n\n\n<div class=\"wp-block-media-text is-stacked-on-mobile\"><figure class=\"wp-block-media-text__media\"><img loading=\"lazy\" decoding=\"async\" width=\"1024\" height=\"683\" src=\"https:\/\/www.assograie.org\/isrivers\/wp-content\/uploads\/2025\/07\/Soiree-IS-Rivers-2025-@-Alice-Treuvey-2-1-1024x683.jpg\" alt=\"\" class=\"wp-image-8161 size-full\" srcset=\"https:\/\/www.assograie.org\/isrivers\/wp-content\/uploads\/2025\/07\/Soiree-IS-Rivers-2025-@-Alice-Treuvey-2-1-1024x683.jpg 1024w, https:\/\/www.assograie.org\/isrivers\/wp-content\/uploads\/2025\/07\/Soiree-IS-Rivers-2025-@-Alice-Treuvey-2-1-300x200.jpg 300w, https:\/\/www.assograie.org\/isrivers\/wp-content\/uploads\/2025\/07\/Soiree-IS-Rivers-2025-@-Alice-Treuvey-2-1-768x512.jpg 768w, https:\/\/www.assograie.org\/isrivers\/wp-content\/uploads\/2025\/07\/Soiree-IS-Rivers-2025-@-Alice-Treuvey-2-1-1536x1024.jpg 1536w, https:\/\/www.assograie.org\/isrivers\/wp-content\/uploads\/2025\/07\/Soiree-IS-Rivers-2025-@-Alice-Treuvey-2-1-2048x1365.jpg 2048w\" sizes=\"auto, (max-width: 1024px) 100vw, 1024px\" \/><\/figure><div class=\"wp-block-media-text__content\">\n<p><strong>5 jours d&rsquo;\u00e9v\u00e9nement rassemblant 606 participants de 30 pays diff\u00e9rents<\/strong>.<\/p>\n\n\n\n<p>Un grand merci \u00e0 nos partenaires pour leur soutien qui a permis l\u2019organisation de cette 5\u1d49 \u00e9dition !<\/p>\n\n\n\n<div class=\"wp-block-buttons is-content-justification-center is-layout-flex wp-container-core-buttons-is-layout-16018d1d wp-block-buttons-is-layout-flex\">\n<div class=\"wp-block-button\"><a class=\"wp-block-button__link wp-element-button\" href=\"https:\/\/www.graie.org\/graie\/graiedoc\/doc_telech\/ISRIV25\/Bilan_ISRIVERS2025.pdf\" target=\"_blank\" rel=\"noreferrer noopener\">T\u00e9l\u00e9charger bilan d&rsquo;IS Rivers 2025<\/a><\/div>\n<\/div>\n\n\n\n<div style=\"height:39px\" aria-hidden=\"true\" class=\"wp-block-spacer\"><\/div>\n\n\n\n<p>Retrouvez \u00e9galement quelques photos de la conf\u00e9rence ainsi que <strong><mark style=\"background-color:rgba(0, 0, 0, 0);color:#ec9100\" class=\"has-inline-color\">les r\u00e9sum\u00e9s longs de l&rsquo;ensemble des communications<\/mark> <a href=\"https:\/\/www.assograie.org\/isrivers\/2025\/07\/25\/conference-internationale-i-s-rivers-2025\/\">dans notre article<\/a><\/strong><a href=\"https:\/\/www.assograie.org\/isrivers\/2025\/07\/25\/conference-internationale-i-s-rivers-2025\/\">.<\/a><\/p>\n<\/div><\/div>\n\n\n\n<p><strong>I.S.Rivers 2025 a accueilli 7 conf\u00e9renciers invit\u00e9s&nbsp;lors des deux conf\u00e9rences pl\u00e9ni\u00e8res <\/strong>:&nbsp;Andrea Goltara,&nbsp;Futoshi Nakamura,&nbsp;Gabrielle Bouleau,&nbsp;Christiane Zarfl,&nbsp;Atle Harby,&nbsp;Dar\u00edo Salinas Palacios,&nbsp;Etienne Davodeau. Merci pour vos interventions !<\/p>\n\n\n\n<div class=\"wp-block-buttons is-content-justification-left is-layout-flex wp-container-core-buttons-is-layout-fdcfc74e wp-block-buttons-is-layout-flex\">\n<div class=\"wp-block-button\"><a class=\"wp-block-button__link wp-element-button\" href=\"https:\/\/www.youtube.com\/playlist?list=PL8wU9ui8zEy06DD7btzU32H7vs5WE7tzs\">Replay vid\u00e9o des conf\u00e9rences<\/a><\/div>\n<\/div>\n\n\n\n<div style=\"height:50px\" aria-hidden=\"true\" class=\"wp-block-spacer\"><\/div>\n\n\n\n<div class=\"wp-block-columns is-layout-flex wp-container-core-columns-is-layout-9d6595d7 wp-block-columns-is-layout-flex\">\n<div class=\"wp-block-column is-layout-flow wp-block-column-is-layout-flow\" style=\"flex-basis:68%\">\n<h3 class=\"wp-block-heading\" id=\"la-conference-internationale-i-s-rivers-porte-sur-les-recherches-et-actions-au-service-des-fleuves-et-grandes-rivieres-qu-ils-soient-naturels-ou-fortement-anthropises-elle-vise-a-favoriser-un-croisement-des-approches-et-un-dialogue-entre-tous-les-acteurs\"><strong>La conf\u00e9rence internationale I.S.Rivers porte sur les recherches et actions au service des fleuves et grandes rivi\u00e8res, qu\u2019ils soient naturels ou fortement anthropis\u00e9s. Elle vise \u00e0 favoriser un croisement des approches et un dialogue entre tous les acteurs.<\/strong><\/h3>\n\n\n\n<div style=\"height:20px\" aria-hidden=\"true\" class=\"wp-block-spacer\"><\/div>\n\n\n\n<h5 class=\"wp-block-heading\" id=\"i-s-rivers-est-un-evenement-entierement-bilingue-francais-anglais\">I.S.Rivers est un \u00e9v\u00e9nement enti\u00e8rement bilingue fran\u00e7ais-anglais.<\/h5>\n<\/div>\n\n\n\n<div class=\"wp-block-column is-layout-flow wp-block-column-is-layout-flow\" style=\"flex-basis:32%\">\n<p><strong>I.S.Rivers une occasion unique en France pour&nbsp;:<\/strong><\/p>\n\n\n\n<div style=\"height:4px\" aria-hidden=\"true\" class=\"wp-block-spacer\"><\/div>\n\n\n\n<ul class=\"wp-block-list\">\n<li>Faire un tour d\u2019horizon des pratiques de gestion et de restauration des fleuves et grandes rivi\u00e8res du monde entier<\/li>\n\n\n\n<li>Conna\u00eetre les derniers d\u00e9veloppements en mati\u00e8re de connaissances pour une gestion durable des fleuves<\/li>\n<\/ul>\n<\/div>\n<\/div>\n\n\n\n<div style=\"height:20px\" aria-hidden=\"true\" class=\"wp-block-spacer\"><\/div>\n\n\n\n<div class=\"wp-block-columns is-layout-flex wp-container-core-columns-is-layout-9d6595d7 wp-block-columns-is-layout-flex\">\n<div class=\"wp-block-column ariane1 is-layout-flow wp-block-column-is-layout-flow\">\n<h5 class=\"wp-block-heading has-text-color has-link-color wp-elements-37c6a4e0a60008dfe7a42d198548f968\" id=\"envoi-des-declarations-d-intention-puis-des-communications\" style=\"color:#b9b9b9\">Envoi des communications<\/h5>\n\n\n\n<div style=\"height:41px\" aria-hidden=\"true\" class=\"wp-block-spacer\"><\/div>\n\n\n\n<p class=\"has-text-color has-link-color wp-elements-fa63316d9e5e9edd9a28dfd19d890b1f\" style=\"color:#b9b9b9\">Jusqu&rsquo;a d\u00e9cembre <\/p>\n<\/div>\n\n\n\n<div class=\"wp-block-column ariane2 is-layout-flow wp-block-column-is-layout-flow\">\n<h5 class=\"wp-block-heading has-text-color has-link-color wp-elements-d50ef0fbbbcfb1e43a049ab79818f608\" id=\"evaluation-des-communications-et-elaboration-du-programme\" style=\"color:#b9b9b9\">\u00c9valuation des communications et \u00e9laboration du programme<\/h5>\n\n\n\n<div style=\"height:5px\" aria-hidden=\"true\" class=\"wp-block-spacer\"><\/div>\n\n\n\n<p class=\"has-text-color has-link-color wp-elements-6badbf72f65a46bdbaaa64ecefa073d4\" style=\"color:#b9b9b9\">D\u00e9c \u00e0 f\u00e9vrier <\/p>\n<\/div>\n\n\n\n<div class=\"wp-block-column ariane3 is-layout-flow wp-block-column-is-layout-flow\">\n<h5 class=\"wp-block-heading has-text-color has-link-color wp-elements-88921a8631055c4e8051df415f8752f6\" id=\"notification-de-selection\" style=\"color:#b9b9b9\">Notification de s\u00e9lection aux auteurs et validation du programme<strong><mark style=\"background-color:rgba(0, 0, 0, 0);color:#ff7350\" class=\"has-inline-color\"><\/mark><\/strong><\/h5>\n\n\n\n<p class=\"has-text-color has-link-color wp-elements-4f0864dbefa458fd76f76dfee882dbe5\" style=\"color:#b9b9b9\">F\u00e9vrier-mars <\/p>\n<\/div>\n\n\n\n<div class=\"wp-block-column ariane4 is-layout-flow wp-block-column-is-layout-flow\">\n<h5 class=\"wp-block-heading has-text-color has-link-color wp-elements-cc31b9a41e790a3e3bb89e67d509fda4\" id=\"programme-inscriptions\" style=\"color:#b9b9b9\">Publication du pr\u00e9-programme &amp; ouverture des inscriptions<mark class=\"kt-highlight\"><br><\/mark><\/h5>\n\n\n\n<p class=\"has-text-color has-link-color wp-elements-a7c749254230ff8a94e6f086eca5a723\" style=\"color:#b9b9b9\">Mars <\/p>\n<\/div>\n<\/div>\n\n\n\n<div style=\"height:50px\" aria-hidden=\"true\" class=\"wp-block-spacer\"><\/div>\n\n\n\n<h2 class=\"wp-block-heading\" id=\"actualites\"><strong>Actualit\u00e9s<\/strong><\/h2>\n\n\n<style>.kb-posts-id-26_604d8c-db .entry.loop-entry .entry-header .entry-title{font-size:32px;line-height:28px;letter-spacing:1.1px;}.kb-posts-id-26_604d8c-db .kb-post-list-item{display:grid;}<\/style><ul class=\"wp-block-kadence-posts kb-posts kadence-posts-list kb-posts-id-26_604d8c-db content-wrap grid-cols kb-posts-style-boxed grid-sm-col-1 grid-lg-col-3 item-image-style-above\"><li class=\"kb-post-list-item\">\n\t<article class=\"entry content-bg loop-entry post-8300 post type-post status-publish format-standard has-post-thumbnail hentry category-non-classe\">\n\t\t\t\t<a aria-hidden=\"true\" tabindex=\"-1\" role=\"presentation\" class=\"post-thumbnail kadence-thumbnail-ratio-2-3\" href=\"https:\/\/www.assograie.org\/isrivers\/2025\/07\/25\/conference-internationale-i-s-rivers-2025\/\" aria-label=\"Retour sur la conf\u00e9rence internationale I.S.Rivers 2025\">\n\t\t\t<div class=\"post-thumbnail-inner\">\n\t\t\t\t<img loading=\"lazy\" decoding=\"async\" width=\"768\" height=\"512\" src=\"https:\/\/www.assograie.org\/isrivers\/wp-content\/uploads\/2025\/07\/DSC1643_DxO-768x512.jpg\" class=\"attachment-medium_large size-medium_large wp-post-image\" alt=\"Retour sur la conf\u00e9rence internationale I.S.Rivers 2025\" srcset=\"https:\/\/www.assograie.org\/isrivers\/wp-content\/uploads\/2025\/07\/DSC1643_DxO-768x512.jpg 768w, https:\/\/www.assograie.org\/isrivers\/wp-content\/uploads\/2025\/07\/DSC1643_DxO-300x200.jpg 300w, https:\/\/www.assograie.org\/isrivers\/wp-content\/uploads\/2025\/07\/DSC1643_DxO-1024x683.jpg 1024w, https:\/\/www.assograie.org\/isrivers\/wp-content\/uploads\/2025\/07\/DSC1643_DxO-1536x1024.jpg 1536w, https:\/\/www.assograie.org\/isrivers\/wp-content\/uploads\/2025\/07\/DSC1643_DxO-2048x1365.jpg 2048w\" sizes=\"auto, (max-width: 768px) 100vw, 768px\" \/>\t\t\t<\/div>\n\t\t<\/a><!-- .post-thumbnail -->\n\t\t\t\t<div class=\"entry-content-wrap\">\n\t\t\t<header class=\"entry-header\">\n\t<h2 class=\"entry-title\"><a href=\"https:\/\/www.assograie.org\/isrivers\/2025\/07\/25\/conference-internationale-i-s-rivers-2025\/\" rel=\"bookmark\">Retour sur la conf\u00e9rence internationale I.S.Rivers 2025<\/a><\/h2><\/header><!-- .entry-header -->\n<footer class=\"entry-footer\">\n\t<\/footer><!-- .entry-footer -->\t\t<\/div>\n\t<\/article>\n<\/li>\n<li class=\"kb-post-list-item\">\n\t<article class=\"entry content-bg loop-entry post-7597 post type-post status-publish format-standard hentry category-non-classe\">\n\t\t\t\t<div class=\"entry-content-wrap\">\n\t\t\t<header class=\"entry-header\">\n\t<h2 class=\"entry-title\"><a href=\"https:\/\/www.assograie.org\/isrivers\/2025\/06\/16\/i-s-rivers-cest-dans-15-jours\/\" rel=\"bookmark\">I.S.Rivers : Fonctionnement des fleuves<\/a><\/h2><\/header><!-- .entry-header -->\n<footer class=\"entry-footer\">\n\t<\/footer><!-- .entry-footer -->\t\t<\/div>\n\t<\/article>\n<\/li>\n<li class=\"kb-post-list-item\">\n\t<article class=\"entry content-bg loop-entry post-7510 post type-post status-publish format-standard hentry category-non-classe\">\n\t\t\t\t<div class=\"entry-content-wrap\">\n\t\t\t<header class=\"entry-header\">\n\t<h2 class=\"entry-title\"><a href=\"https:\/\/www.assograie.org\/isrivers\/2025\/06\/10\/i-s-rivers-socio-hydrosytemes-en-changement\/\" rel=\"bookmark\">I.S.Rivers : socio-hydrosyst\u00e8mes en changement<\/a><\/h2><\/header><!-- .entry-header -->\n<footer class=\"entry-footer\">\n\t<\/footer><!-- .entry-footer -->\t\t<\/div>\n\t<\/article>\n<\/li>\n<\/ul>\n\n\n<h3 class=\"wp-block-heading titre_accueil\" id=\"toutes-les-actualites\"><strong><a href=\"https:\/\/www.assograie.org\/isrivers\/tous-les-articles\/\" data-type=\"page\" data-id=\"1055\"><strong><span style=\"color:#ff7350\" class=\"has-inline-color\">\u203a<\/span><\/strong> Toutes les actualit\u00e9s<\/a><\/strong><\/h3>\n\n\n\n<div style=\"height:50px\" aria-hidden=\"true\" class=\"wp-block-spacer\"><\/div>\n\n\n\n<div style=\"height:50px\" aria-hidden=\"true\" class=\"wp-block-spacer\"><\/div>\n","protected":false},"excerpt":{"rendered":"<p>Conf\u00e9rence internationale I.S.Rivers Recherches et actions au service des fleuves et grandes rivi\u00e8res La 5\u1d49 \u00e9dition de la conf\u00e9rence a eu lieu du 30 juin au 4 juillet 2025 ! Rendez vous en 2028 ! Lyon, France Retour sur I.S.Rivers 2025 I.S.Rivers 2025 a accueilli 7 conf\u00e9renciers invit\u00e9s&nbsp;lors des deux conf\u00e9rences pl\u00e9ni\u00e8res :&nbsp;Andrea Goltara,&nbsp;Futoshi Nakamura,&nbsp;Gabrielle &#8230; <a title=\"Accueil_fran\u00e7ais\" class=\"read-more\" href=\"https:\/\/www.assograie.org\/isrivers\/\" aria-label=\"En savoir plus sur Accueil_fran\u00e7ais\">Lire la suite<\/a><\/p>\n","protected":false},"author":1,"featured_media":0,"parent":0,"menu_order":0,"comment_status":"closed","ping_status":"closed","template":"","meta":{"ngg_post_thumbnail":0,"footnotes":""},"folder":[],"class_list":["post-26","page","type-page","status-publish"],"yoast_head":"<!-- This site is optimized with the Yoast SEO plugin v26.8 - https:\/\/yoast.com\/product\/yoast-seo-wordpress\/ -->\n<title>I.S.Rivers - Conf\u00e9rence internationale<\/title>\n<meta name=\"robots\" content=\"index, follow, max-snippet:-1, max-image-preview:large, max-video-preview:-1\" \/>\n<link rel=\"canonical\" href=\"https:\/\/www.assograie.org\/isrivers\/\" \/>\n<meta property=\"og:locale\" content=\"fr_FR\" \/>\n<meta property=\"og:type\" content=\"article\" \/>\n<meta property=\"og:title\" content=\"I.S.Rivers - Conf\u00e9rence internationale\" \/>\n<meta property=\"og:description\" content=\"Conf\u00e9rence internationale I.S.Rivers Recherches et actions au service des fleuves et grandes rivi\u00e8res La 5\u1d49 \u00e9dition de la conf\u00e9rence a eu lieu du 30 juin au 4 juillet 2025 ! Rendez vous en 2028 ! Lyon, France Retour sur I.S.Rivers 2025 I.S.Rivers 2025 a accueilli 7 conf\u00e9renciers invit\u00e9s&nbsp;lors des deux conf\u00e9rences pl\u00e9ni\u00e8res :&nbsp;Andrea Goltara,&nbsp;Futoshi Nakamura,&nbsp;Gabrielle ... Lire la suite\" \/>\n<meta property=\"og:url\" content=\"https:\/\/www.assograie.org\/isrivers\/\" \/>\n<meta property=\"og:site_name\" content=\"I.S.Rivers\" \/>\n<meta property=\"article:modified_time\" content=\"2025-12-16T14:06:45+00:00\" \/>\n<meta property=\"og:image\" content=\"https:\/\/www.assograie.org\/isrivers\/wp-content\/uploads\/2025\/07\/DSC0853_DxO-2-scaled.jpg\" \/>\n\t<meta property=\"og:image:width\" content=\"2560\" \/>\n\t<meta property=\"og:image:height\" content=\"1684\" \/>\n\t<meta property=\"og:image:type\" content=\"image\/jpeg\" \/>\n<meta name=\"twitter:card\" content=\"summary_large_image\" \/>\n<meta name=\"twitter:label1\" content=\"Dur\u00e9e de lecture estim\u00e9e\" \/>\n\t<meta name=\"twitter:data1\" content=\"2 minutes\" \/>\n<script type=\"application\/ld+json\" class=\"yoast-schema-graph\">{\"@context\":\"https:\/\/schema.org\",\"@graph\":[{\"@type\":\"WebPage\",\"@id\":\"https:\/\/www.assograie.org\/isrivers\/\",\"url\":\"https:\/\/www.assograie.org\/isrivers\/\",\"name\":\"I.S.Rivers - Conf\u00e9rence internationale\",\"isPartOf\":{\"@id\":\"https:\/\/www.assograie.org\/isrivers\/#website\"},\"primaryImageOfPage\":{\"@id\":\"https:\/\/www.assograie.org\/isrivers\/#primaryimage\"},\"image\":{\"@id\":\"https:\/\/www.assograie.org\/isrivers\/#primaryimage\"},\"thumbnailUrl\":\"https:\/\/www.assograie.org\/isrivers\/wp-content\/uploads\/2025\/07\/DSC0853_DxO-2-scaled.jpg\",\"datePublished\":\"2021-08-03T18:05:57+00:00\",\"dateModified\":\"2025-12-16T14:06:45+00:00\",\"breadcrumb\":{\"@id\":\"https:\/\/www.assograie.org\/isrivers\/#breadcrumb\"},\"inLanguage\":\"fr-FR\",\"potentialAction\":[{\"@type\":\"ReadAction\",\"target\":[\"https:\/\/www.assograie.org\/isrivers\/\"]}]},{\"@type\":\"ImageObject\",\"inLanguage\":\"fr-FR\",\"@id\":\"https:\/\/www.assograie.org\/isrivers\/#primaryimage\",\"url\":\"https:\/\/www.assograie.org\/isrivers\/wp-content\/uploads\/2025\/07\/DSC0853_DxO-2-scaled.jpg\",\"contentUrl\":\"https:\/\/www.assograie.org\/isrivers\/wp-content\/uploads\/2025\/07\/DSC0853_DxO-2-scaled.jpg\",\"width\":2560,\"height\":1684},{\"@type\":\"BreadcrumbList\",\"@id\":\"https:\/\/www.assograie.org\/isrivers\/#breadcrumb\",\"itemListElement\":[{\"@type\":\"ListItem\",\"position\":1,\"name\":\"Accueil\",\"item\":\"https:\/\/www.assograie.org\/isrivers\/\"},{\"@type\":\"ListItem\",\"position\":2,\"name\":\"Accueil_fran\u00e7ais\"}]},{\"@type\":\"WebSite\",\"@id\":\"https:\/\/www.assograie.org\/isrivers\/#website\",\"url\":\"https:\/\/www.assograie.org\/isrivers\/\",\"name\":\"I.S.Rivers\",\"description\":\"international conference on integrative sciences and sustainable development of rivers\",\"publisher\":{\"@id\":\"https:\/\/www.assograie.org\/isrivers\/#organization\"},\"potentialAction\":[{\"@type\":\"SearchAction\",\"target\":{\"@type\":\"EntryPoint\",\"urlTemplate\":\"https:\/\/www.assograie.org\/isrivers\/?s={search_term_string}\"},\"query-input\":{\"@type\":\"PropertyValueSpecification\",\"valueRequired\":true,\"valueName\":\"search_term_string\"}}],\"inLanguage\":\"fr-FR\"},{\"@type\":\"Organization\",\"@id\":\"https:\/\/www.assograie.org\/isrivers\/#organization\",\"name\":\"I.S.Rivers\",\"url\":\"https:\/\/www.assograie.org\/isrivers\/\",\"logo\":{\"@type\":\"ImageObject\",\"inLanguage\":\"fr-FR\",\"@id\":\"https:\/\/www.assograie.org\/isrivers\/#\/schema\/logo\/image\/\",\"url\":\"https:\/\/www.assograie.org\/isrivers\/wp-content\/uploads\/2021\/08\/cropped-Logo-IS-RIVERS-HD.jpg\",\"contentUrl\":\"https:\/\/www.assograie.org\/isrivers\/wp-content\/uploads\/2021\/08\/cropped-Logo-IS-RIVERS-HD.jpg\",\"width\":1364,\"height\":711,\"caption\":\"I.S.Rivers\"},\"image\":{\"@id\":\"https:\/\/www.assograie.org\/isrivers\/#\/schema\/logo\/image\/\"}}]}<\/script>\n<!-- \/ Yoast SEO plugin. -->","yoast_head_json":{"title":"I.S.Rivers - Conf\u00e9rence internationale","robots":{"index":"index","follow":"follow","max-snippet":"max-snippet:-1","max-image-preview":"max-image-preview:large","max-video-preview":"max-video-preview:-1"},"canonical":"https:\/\/www.assograie.org\/isrivers\/","og_locale":"fr_FR","og_type":"article","og_title":"I.S.Rivers - Conf\u00e9rence internationale","og_description":"Conf\u00e9rence internationale I.S.Rivers Recherches et actions au service des fleuves et grandes rivi\u00e8res La 5\u1d49 \u00e9dition de la conf\u00e9rence a eu lieu du 30 juin au 4 juillet 2025 ! Rendez vous en 2028 ! Lyon, France Retour sur I.S.Rivers 2025 I.S.Rivers 2025 a accueilli 7 conf\u00e9renciers invit\u00e9s&nbsp;lors des deux conf\u00e9rences pl\u00e9ni\u00e8res :&nbsp;Andrea Goltara,&nbsp;Futoshi Nakamura,&nbsp;Gabrielle ... Lire la suite","og_url":"https:\/\/www.assograie.org\/isrivers\/","og_site_name":"I.S.Rivers","article_modified_time":"2025-12-16T14:06:45+00:00","og_image":[{"width":2560,"height":1684,"url":"https:\/\/www.assograie.org\/isrivers\/wp-content\/uploads\/2025\/07\/DSC0853_DxO-2-scaled.jpg","type":"image\/jpeg"}],"twitter_card":"summary_large_image","twitter_misc":{"Dur\u00e9e de lecture estim\u00e9e":"2 minutes"},"schema":{"@context":"https:\/\/schema.org","@graph":[{"@type":"WebPage","@id":"https:\/\/www.assograie.org\/isrivers\/","url":"https:\/\/www.assograie.org\/isrivers\/","name":"I.S.Rivers - Conf\u00e9rence internationale","isPartOf":{"@id":"https:\/\/www.assograie.org\/isrivers\/#website"},"primaryImageOfPage":{"@id":"https:\/\/www.assograie.org\/isrivers\/#primaryimage"},"image":{"@id":"https:\/\/www.assograie.org\/isrivers\/#primaryimage"},"thumbnailUrl":"https:\/\/www.assograie.org\/isrivers\/wp-content\/uploads\/2025\/07\/DSC0853_DxO-2-scaled.jpg","datePublished":"2021-08-03T18:05:57+00:00","dateModified":"2025-12-16T14:06:45+00:00","breadcrumb":{"@id":"https:\/\/www.assograie.org\/isrivers\/#breadcrumb"},"inLanguage":"fr-FR","potentialAction":[{"@type":"ReadAction","target":["https:\/\/www.assograie.org\/isrivers\/"]}]},{"@type":"ImageObject","inLanguage":"fr-FR","@id":"https:\/\/www.assograie.org\/isrivers\/#primaryimage","url":"https:\/\/www.assograie.org\/isrivers\/wp-content\/uploads\/2025\/07\/DSC0853_DxO-2-scaled.jpg","contentUrl":"https:\/\/www.assograie.org\/isrivers\/wp-content\/uploads\/2025\/07\/DSC0853_DxO-2-scaled.jpg","width":2560,"height":1684},{"@type":"BreadcrumbList","@id":"https:\/\/www.assograie.org\/isrivers\/#breadcrumb","itemListElement":[{"@type":"ListItem","position":1,"name":"Accueil","item":"https:\/\/www.assograie.org\/isrivers\/"},{"@type":"ListItem","position":2,"name":"Accueil_fran\u00e7ais"}]},{"@type":"WebSite","@id":"https:\/\/www.assograie.org\/isrivers\/#website","url":"https:\/\/www.assograie.org\/isrivers\/","name":"I.S.Rivers","description":"international conference on integrative sciences and sustainable development of rivers","publisher":{"@id":"https:\/\/www.assograie.org\/isrivers\/#organization"},"potentialAction":[{"@type":"SearchAction","target":{"@type":"EntryPoint","urlTemplate":"https:\/\/www.assograie.org\/isrivers\/?s={search_term_string}"},"query-input":{"@type":"PropertyValueSpecification","valueRequired":true,"valueName":"search_term_string"}}],"inLanguage":"fr-FR"},{"@type":"Organization","@id":"https:\/\/www.assograie.org\/isrivers\/#organization","name":"I.S.Rivers","url":"https:\/\/www.assograie.org\/isrivers\/","logo":{"@type":"ImageObject","inLanguage":"fr-FR","@id":"https:\/\/www.assograie.org\/isrivers\/#\/schema\/logo\/image\/","url":"https:\/\/www.assograie.org\/isrivers\/wp-content\/uploads\/2021\/08\/cropped-Logo-IS-RIVERS-HD.jpg","contentUrl":"https:\/\/www.assograie.org\/isrivers\/wp-content\/uploads\/2021\/08\/cropped-Logo-IS-RIVERS-HD.jpg","width":1364,"height":711,"caption":"I.S.Rivers"},"image":{"@id":"https:\/\/www.assograie.org\/isrivers\/#\/schema\/logo\/image\/"}}]}},"_links":{"self":[{"href":"https:\/\/www.assograie.org\/isrivers\/wp-json\/wp\/v2\/pages\/26","targetHints":{"allow":["GET"]}}],"collection":[{"href":"https:\/\/www.assograie.org\/isrivers\/wp-json\/wp\/v2\/pages"}],"about":[{"href":"https:\/\/www.assograie.org\/isrivers\/wp-json\/wp\/v2\/types\/page"}],"author":[{"embeddable":true,"href":"https:\/\/www.assograie.org\/isrivers\/wp-json\/wp\/v2\/users\/1"}],"replies":[{"embeddable":true,"href":"https:\/\/www.assograie.org\/isrivers\/wp-json\/wp\/v2\/comments?post=26"}],"version-history":[{"count":2,"href":"https:\/\/www.assograie.org\/isrivers\/wp-json\/wp\/v2\/pages\/26\/revisions"}],"predecessor-version":[{"id":8356,"href":"https:\/\/www.assograie.org\/isrivers\/wp-json\/wp\/v2\/pages\/26\/revisions\/8356"}],"wp:attachment":[{"href":"https:\/\/www.assograie.org\/isrivers\/wp-json\/wp\/v2\/media?parent=26"}],"wp:term":[{"taxonomy":"folder","embeddable":true,"href":"https:\/\/www.assograie.org\/isrivers\/wp-json\/wp\/v2\/folder?post=26"}],"curies":[{"name":"wp","href":"https:\/\/api.w.org\/{rel}","templated":true}]}}