{"id":299,"date":"2021-08-06T14:35:13","date_gmt":"2021-08-06T12:35:13","guid":{"rendered":"https:\/\/www.assograie.org\/isrivers\/?page_id=299"},"modified":"2025-07-11T11:33:18","modified_gmt":"2025-07-11T09:33:18","slug":"selection-communications","status":"publish","type":"page","link":"https:\/\/www.assograie.org\/isrivers\/communiquer-a-isrivers\/selection-communications\/","title":{"rendered":"S\u00e9lection des communications"},"content":{"rendered":"\n<div style=\"height:20px\" aria-hidden=\"true\" class=\"wp-block-spacer\"><\/div>\n\n\n\n<h3 class=\"wp-block-heading\">Processus de s\u00e9lection<\/h3>\n\n\n\n<div class=\"wp-block-columns is-layout-flex wp-container-core-columns-is-layout-9d6595d7 wp-block-columns-is-layout-flex\">\n<div class=\"wp-block-column is-layout-flow wp-block-column-is-layout-flow\" style=\"flex-basis:32%\">\n<figure class=\"wp-block-image size-large\"><img loading=\"lazy\" decoding=\"async\" width=\"1024\" height=\"768\" src=\"https:\/\/www.assograie.org\/isrivers\/wp-content\/uploads\/2021\/09\/Preaek_sarah-1024x768.jpg\" alt=\"\" class=\"wp-image-2271\" srcset=\"https:\/\/www.assograie.org\/isrivers\/wp-content\/uploads\/2021\/09\/Preaek_sarah-1024x768.jpg 1024w, https:\/\/www.assograie.org\/isrivers\/wp-content\/uploads\/2021\/09\/Preaek_sarah-300x225.jpg 300w, https:\/\/www.assograie.org\/isrivers\/wp-content\/uploads\/2021\/09\/Preaek_sarah-768x576.jpg 768w, https:\/\/www.assograie.org\/isrivers\/wp-content\/uploads\/2021\/09\/Preaek_sarah-1536x1152.jpg 1536w, https:\/\/www.assograie.org\/isrivers\/wp-content\/uploads\/2021\/09\/Preaek_sarah.jpg 2000w\" sizes=\"auto, (max-width: 1024px) 100vw, 1024px\" \/><figcaption class=\"wp-element-caption\">\u00a9 Rivi\u00e8re Preaek &#8211; Cambodge \/ Sarah Scarrott &#8211; GRAIE<\/figcaption><\/figure>\n<\/div>\n\n\n\n<div class=\"wp-block-column is-layout-flow wp-block-column-is-layout-flow\" style=\"flex-basis:68%\">\n<p><strong><strong>Le comit\u00e9 scientifique, constitu\u00e9 de 17 membres, s\u2019appuie sur l\u2019avis d\u2019experts scientifiques et techniques ext\u00e9rieurs, pour faire une s\u00e9lection des communications d\u00e9finitives et leur r\u00e9partition entre communication orale et poster.<\/strong><\/strong><\/p>\n\n\n\n<p>L\u2019\u00e9valuation des communications est faite selon les crit\u00e8res suivants :<br>\u2022 La concordance avec les th\u00e8mes de la conf\u00e9rence,<br>\u2022 L\u2019innovation (originalit\u00e9 de l\u2019approche, int\u00e9r\u00eat du sujet, r\u00e9sultats jamais pr\u00e9sent\u00e9s auparavant, \u2026),<br>\u2022 La qualit\u00e9 du travail pr\u00e9sent\u00e9 (y compris les r\u00e9f\u00e9rences bibliographiques pour les communications scientifiques),<br>\u2022 La transf\u00e9rabilit\u00e9 de l\u2019information et de l\u2019exp\u00e9rience,<br>\u2022 La clart\u00e9 de la proposition (approche, objectifs, conclusions, et qualit\u00e9 r\u00e9dactionnelle).<\/p>\n<\/div>\n<\/div>\n\n\n\n<div class=\"wp-block-columns is-layout-flex wp-container-core-columns-is-layout-9d6595d7 wp-block-columns-is-layout-flex\">\n<div class=\"wp-block-column is-layout-flow wp-block-column-is-layout-flow\" style=\"flex-basis:32%\">\n<h3 class=\"wp-block-heading\"><strong>Calendrier<\/strong> <strong>2024 &#8211; 2025<\/strong><\/h3>\n\n\n\n<ul class=\"wp-block-list\">\n<li><strong>16 septembre 2024 :<\/strong> Ouverture de l&rsquo;appel \u00e0 communication<\/li>\n\n\n\n<li><strong>30 novembre 2024 <\/strong>: Dernier jour pour proposer sa communication<\/li>\n\n\n\n<li><strong>D\u00e9cembre 2024 \u00e0 F\u00e9vrier&nbsp;2025<\/strong>: \u00c9valuation des communications<\/li>\n\n\n\n<li><strong>F\u00e9vrier<\/strong>&nbsp;<strong>2025<\/strong>: \u00c9laboration du programme<\/li>\n\n\n\n<li><strong>Mi-f\u00e9vrier<\/strong> <strong>2025&nbsp;<\/strong>: Avis de s\u00e9lection pour pr\u00e9sentation oral ou poster<\/li>\n\n\n\n<li><strong>Mi-mars<\/strong> <strong>2025&nbsp;<\/strong>: Ouverture des inscriptions et pr\u00e9-programme<\/li>\n<\/ul>\n<\/div>\n\n\n\n<div class=\"wp-block-column is-layout-flow wp-block-column-is-layout-flow\" style=\"flex-basis:68%\">\n<figure class=\"wp-block-image size-large\"><img loading=\"lazy\" decoding=\"async\" width=\"1024\" height=\"768\" src=\"https:\/\/www.assograie.org\/isrivers\/wp-content\/uploads\/2021\/09\/Otawa_Flickr_publicdomain-1024x768.jpg\" alt=\"\" class=\"wp-image-2242\" srcset=\"https:\/\/www.assograie.org\/isrivers\/wp-content\/uploads\/2021\/09\/Otawa_Flickr_publicdomain-1024x768.jpg 1024w, https:\/\/www.assograie.org\/isrivers\/wp-content\/uploads\/2021\/09\/Otawa_Flickr_publicdomain-300x225.jpg 300w, https:\/\/www.assograie.org\/isrivers\/wp-content\/uploads\/2021\/09\/Otawa_Flickr_publicdomain-768x576.jpg 768w, https:\/\/www.assograie.org\/isrivers\/wp-content\/uploads\/2021\/09\/Otawa_Flickr_publicdomain-1536x1152.jpg 1536w, https:\/\/www.assograie.org\/isrivers\/wp-content\/uploads\/2021\/09\/Otawa_Flickr_publicdomain-2048x1536.jpg 2048w\" sizes=\"auto, (max-width: 1024px) 100vw, 1024px\" \/><figcaption class=\"wp-element-caption\">\u00a9 Otawa \/ Flickr<\/figcaption><\/figure>\n<\/div>\n<\/div>\n\n\n\n<div style=\"height:57px\" aria-hidden=\"true\" class=\"wp-block-spacer\"><\/div>\n","protected":false},"excerpt":{"rendered":"<p>Processus de s\u00e9lection Le comit\u00e9 scientifique, constitu\u00e9 de 17 membres, s\u2019appuie sur l\u2019avis d\u2019experts scientifiques et techniques ext\u00e9rieurs, pour faire une s\u00e9lection des communications d\u00e9finitives et leur r\u00e9partition entre communication orale et poster. L\u2019\u00e9valuation des communications est faite selon les crit\u00e8res suivants :\u2022 La concordance avec les th\u00e8mes de la conf\u00e9rence,\u2022 L\u2019innovation (originalit\u00e9 de l\u2019approche, &#8230; <a title=\"S\u00e9lection des communications\" class=\"read-more\" href=\"https:\/\/www.assograie.org\/isrivers\/communiquer-a-isrivers\/selection-communications\/\" aria-label=\"En savoir plus sur S\u00e9lection des communications\">Lire la suite<\/a><\/p>\n","protected":false},"author":1,"featured_media":0,"parent":1913,"menu_order":-1,"comment_status":"closed","ping_status":"closed","template":"","meta":{"ngg_post_thumbnail":0,"footnotes":""},"folder":[],"class_list":["post-299","page","type-page","status-publish"],"yoast_head":"<!-- This site is optimized with the Yoast SEO plugin v26.8 - https:\/\/yoast.com\/product\/yoast-seo-wordpress\/ -->\n<title>S\u00e9lection des communications - I.S.Rivers<\/title>\n<meta name=\"robots\" content=\"index, follow, max-snippet:-1, max-image-preview:large, max-video-preview:-1\" \/>\n<link rel=\"canonical\" href=\"https:\/\/www.assograie.org\/isrivers\/communiquer-a-isrivers\/selection-communications\/\" \/>\n<meta property=\"og:locale\" content=\"fr_FR\" \/>\n<meta property=\"og:type\" content=\"article\" \/>\n<meta property=\"og:title\" content=\"S\u00e9lection des communications - I.S.Rivers\" \/>\n<meta property=\"og:description\" content=\"Processus de s\u00e9lection Le comit\u00e9 scientifique, constitu\u00e9 de 17 membres, s\u2019appuie sur l\u2019avis d\u2019experts scientifiques et techniques ext\u00e9rieurs, pour faire une s\u00e9lection des communications d\u00e9finitives et leur r\u00e9partition entre communication orale et poster. L\u2019\u00e9valuation des communications est faite selon les crit\u00e8res suivants :\u2022 La concordance avec les th\u00e8mes de la conf\u00e9rence,\u2022 L\u2019innovation (originalit\u00e9 de l\u2019approche, ... Lire la suite\" \/>\n<meta property=\"og:url\" content=\"https:\/\/www.assograie.org\/isrivers\/communiquer-a-isrivers\/selection-communications\/\" \/>\n<meta property=\"og:site_name\" content=\"I.S.Rivers\" \/>\n<meta property=\"article:modified_time\" content=\"2025-07-11T09:33:18+00:00\" \/>\n<meta property=\"og:image\" content=\"https:\/\/www.assograie.org\/isrivers\/wp-content\/uploads\/2021\/09\/Preaek_sarah.jpg\" \/>\n\t<meta property=\"og:image:width\" content=\"2000\" \/>\n\t<meta property=\"og:image:height\" content=\"1500\" \/>\n\t<meta property=\"og:image:type\" content=\"image\/jpeg\" \/>\n<meta name=\"twitter:card\" content=\"summary_large_image\" \/>\n<meta name=\"twitter:label1\" content=\"Dur\u00e9e de lecture estim\u00e9e\" \/>\n\t<meta name=\"twitter:data1\" content=\"2 minutes\" \/>\n<script type=\"application\/ld+json\" class=\"yoast-schema-graph\">{\"@context\":\"https:\/\/schema.org\",\"@graph\":[{\"@type\":\"WebPage\",\"@id\":\"https:\/\/www.assograie.org\/isrivers\/communiquer-a-isrivers\/selection-communications\/\",\"url\":\"https:\/\/www.assograie.org\/isrivers\/communiquer-a-isrivers\/selection-communications\/\",\"name\":\"S\u00e9lection des communications - I.S.Rivers\",\"isPartOf\":{\"@id\":\"https:\/\/www.assograie.org\/isrivers\/#website\"},\"primaryImageOfPage\":{\"@id\":\"https:\/\/www.assograie.org\/isrivers\/communiquer-a-isrivers\/selection-communications\/#primaryimage\"},\"image\":{\"@id\":\"https:\/\/www.assograie.org\/isrivers\/communiquer-a-isrivers\/selection-communications\/#primaryimage\"},\"thumbnailUrl\":\"https:\/\/www.assograie.org\/isrivers\/wp-content\/uploads\/2021\/09\/Preaek_sarah-1024x768.jpg\",\"datePublished\":\"2021-08-06T12:35:13+00:00\",\"dateModified\":\"2025-07-11T09:33:18+00:00\",\"breadcrumb\":{\"@id\":\"https:\/\/www.assograie.org\/isrivers\/communiquer-a-isrivers\/selection-communications\/#breadcrumb\"},\"inLanguage\":\"fr-FR\",\"potentialAction\":[{\"@type\":\"ReadAction\",\"target\":[\"https:\/\/www.assograie.org\/isrivers\/communiquer-a-isrivers\/selection-communications\/\"]}]},{\"@type\":\"ImageObject\",\"inLanguage\":\"fr-FR\",\"@id\":\"https:\/\/www.assograie.org\/isrivers\/communiquer-a-isrivers\/selection-communications\/#primaryimage\",\"url\":\"https:\/\/www.assograie.org\/isrivers\/wp-content\/uploads\/2021\/09\/Preaek_sarah.jpg\",\"contentUrl\":\"https:\/\/www.assograie.org\/isrivers\/wp-content\/uploads\/2021\/09\/Preaek_sarah.jpg\",\"width\":2000,\"height\":1500,\"caption\":\"\u00a9 Rivi\u00e8re Preaek - Cambodge \/ Sarah Scarrott - GRAIE\"},{\"@type\":\"BreadcrumbList\",\"@id\":\"https:\/\/www.assograie.org\/isrivers\/communiquer-a-isrivers\/selection-communications\/#breadcrumb\",\"itemListElement\":[{\"@type\":\"ListItem\",\"position\":1,\"name\":\"Accueil\",\"item\":\"https:\/\/www.assograie.org\/isrivers\/\"},{\"@type\":\"ListItem\",\"position\":2,\"name\":\"Communiquer \u00e0 I.S.Rivers\",\"item\":\"https:\/\/www.assograie.org\/isrivers\/communiquer-a-isrivers\/\"},{\"@type\":\"ListItem\",\"position\":3,\"name\":\"S\u00e9lection des communications\"}]},{\"@type\":\"WebSite\",\"@id\":\"https:\/\/www.assograie.org\/isrivers\/#website\",\"url\":\"https:\/\/www.assograie.org\/isrivers\/\",\"name\":\"I.S.Rivers\",\"description\":\"international conference on integrative sciences and sustainable development of rivers\",\"publisher\":{\"@id\":\"https:\/\/www.assograie.org\/isrivers\/#organization\"},\"potentialAction\":[{\"@type\":\"SearchAction\",\"target\":{\"@type\":\"EntryPoint\",\"urlTemplate\":\"https:\/\/www.assograie.org\/isrivers\/?s={search_term_string}\"},\"query-input\":{\"@type\":\"PropertyValueSpecification\",\"valueRequired\":true,\"valueName\":\"search_term_string\"}}],\"inLanguage\":\"fr-FR\"},{\"@type\":\"Organization\",\"@id\":\"https:\/\/www.assograie.org\/isrivers\/#organization\",\"name\":\"I.S.Rivers\",\"url\":\"https:\/\/www.assograie.org\/isrivers\/\",\"logo\":{\"@type\":\"ImageObject\",\"inLanguage\":\"fr-FR\",\"@id\":\"https:\/\/www.assograie.org\/isrivers\/#\/schema\/logo\/image\/\",\"url\":\"https:\/\/www.assograie.org\/isrivers\/wp-content\/uploads\/2021\/08\/cropped-Logo-IS-RIVERS-HD.jpg\",\"contentUrl\":\"https:\/\/www.assograie.org\/isrivers\/wp-content\/uploads\/2021\/08\/cropped-Logo-IS-RIVERS-HD.jpg\",\"width\":1364,\"height\":711,\"caption\":\"I.S.Rivers\"},\"image\":{\"@id\":\"https:\/\/www.assograie.org\/isrivers\/#\/schema\/logo\/image\/\"}}]}<\/script>\n<!-- \/ Yoast SEO plugin. -->","yoast_head_json":{"title":"S\u00e9lection des communications - I.S.Rivers","robots":{"index":"index","follow":"follow","max-snippet":"max-snippet:-1","max-image-preview":"max-image-preview:large","max-video-preview":"max-video-preview:-1"},"canonical":"https:\/\/www.assograie.org\/isrivers\/communiquer-a-isrivers\/selection-communications\/","og_locale":"fr_FR","og_type":"article","og_title":"S\u00e9lection des communications - I.S.Rivers","og_description":"Processus de s\u00e9lection Le comit\u00e9 scientifique, constitu\u00e9 de 17 membres, s\u2019appuie sur l\u2019avis d\u2019experts scientifiques et techniques ext\u00e9rieurs, pour faire une s\u00e9lection des communications d\u00e9finitives et leur r\u00e9partition entre communication orale et poster. L\u2019\u00e9valuation des communications est faite selon les crit\u00e8res suivants :\u2022 La concordance avec les th\u00e8mes de la conf\u00e9rence,\u2022 L\u2019innovation (originalit\u00e9 de l\u2019approche, ... Lire la suite","og_url":"https:\/\/www.assograie.org\/isrivers\/communiquer-a-isrivers\/selection-communications\/","og_site_name":"I.S.Rivers","article_modified_time":"2025-07-11T09:33:18+00:00","og_image":[{"width":2000,"height":1500,"url":"https:\/\/www.assograie.org\/isrivers\/wp-content\/uploads\/2021\/09\/Preaek_sarah.jpg","type":"image\/jpeg"}],"twitter_card":"summary_large_image","twitter_misc":{"Dur\u00e9e de lecture estim\u00e9e":"2 minutes"},"schema":{"@context":"https:\/\/schema.org","@graph":[{"@type":"WebPage","@id":"https:\/\/www.assograie.org\/isrivers\/communiquer-a-isrivers\/selection-communications\/","url":"https:\/\/www.assograie.org\/isrivers\/communiquer-a-isrivers\/selection-communications\/","name":"S\u00e9lection des communications - I.S.Rivers","isPartOf":{"@id":"https:\/\/www.assograie.org\/isrivers\/#website"},"primaryImageOfPage":{"@id":"https:\/\/www.assograie.org\/isrivers\/communiquer-a-isrivers\/selection-communications\/#primaryimage"},"image":{"@id":"https:\/\/www.assograie.org\/isrivers\/communiquer-a-isrivers\/selection-communications\/#primaryimage"},"thumbnailUrl":"https:\/\/www.assograie.org\/isrivers\/wp-content\/uploads\/2021\/09\/Preaek_sarah-1024x768.jpg","datePublished":"2021-08-06T12:35:13+00:00","dateModified":"2025-07-11T09:33:18+00:00","breadcrumb":{"@id":"https:\/\/www.assograie.org\/isrivers\/communiquer-a-isrivers\/selection-communications\/#breadcrumb"},"inLanguage":"fr-FR","potentialAction":[{"@type":"ReadAction","target":["https:\/\/www.assograie.org\/isrivers\/communiquer-a-isrivers\/selection-communications\/"]}]},{"@type":"ImageObject","inLanguage":"fr-FR","@id":"https:\/\/www.assograie.org\/isrivers\/communiquer-a-isrivers\/selection-communications\/#primaryimage","url":"https:\/\/www.assograie.org\/isrivers\/wp-content\/uploads\/2021\/09\/Preaek_sarah.jpg","contentUrl":"https:\/\/www.assograie.org\/isrivers\/wp-content\/uploads\/2021\/09\/Preaek_sarah.jpg","width":2000,"height":1500,"caption":"\u00a9 Rivi\u00e8re Preaek - Cambodge \/ Sarah Scarrott - GRAIE"},{"@type":"BreadcrumbList","@id":"https:\/\/www.assograie.org\/isrivers\/communiquer-a-isrivers\/selection-communications\/#breadcrumb","itemListElement":[{"@type":"ListItem","position":1,"name":"Accueil","item":"https:\/\/www.assograie.org\/isrivers\/"},{"@type":"ListItem","position":2,"name":"Communiquer \u00e0 I.S.Rivers","item":"https:\/\/www.assograie.org\/isrivers\/communiquer-a-isrivers\/"},{"@type":"ListItem","position":3,"name":"S\u00e9lection des communications"}]},{"@type":"WebSite","@id":"https:\/\/www.assograie.org\/isrivers\/#website","url":"https:\/\/www.assograie.org\/isrivers\/","name":"I.S.Rivers","description":"international conference on integrative sciences and sustainable development of rivers","publisher":{"@id":"https:\/\/www.assograie.org\/isrivers\/#organization"},"potentialAction":[{"@type":"SearchAction","target":{"@type":"EntryPoint","urlTemplate":"https:\/\/www.assograie.org\/isrivers\/?s={search_term_string}"},"query-input":{"@type":"PropertyValueSpecification","valueRequired":true,"valueName":"search_term_string"}}],"inLanguage":"fr-FR"},{"@type":"Organization","@id":"https:\/\/www.assograie.org\/isrivers\/#organization","name":"I.S.Rivers","url":"https:\/\/www.assograie.org\/isrivers\/","logo":{"@type":"ImageObject","inLanguage":"fr-FR","@id":"https:\/\/www.assograie.org\/isrivers\/#\/schema\/logo\/image\/","url":"https:\/\/www.assograie.org\/isrivers\/wp-content\/uploads\/2021\/08\/cropped-Logo-IS-RIVERS-HD.jpg","contentUrl":"https:\/\/www.assograie.org\/isrivers\/wp-content\/uploads\/2021\/08\/cropped-Logo-IS-RIVERS-HD.jpg","width":1364,"height":711,"caption":"I.S.Rivers"},"image":{"@id":"https:\/\/www.assograie.org\/isrivers\/#\/schema\/logo\/image\/"}}]}},"_links":{"self":[{"href":"https:\/\/www.assograie.org\/isrivers\/wp-json\/wp\/v2\/pages\/299","targetHints":{"allow":["GET"]}}],"collection":[{"href":"https:\/\/www.assograie.org\/isrivers\/wp-json\/wp\/v2\/pages"}],"about":[{"href":"https:\/\/www.assograie.org\/isrivers\/wp-json\/wp\/v2\/types\/page"}],"author":[{"embeddable":true,"href":"https:\/\/www.assograie.org\/isrivers\/wp-json\/wp\/v2\/users\/1"}],"replies":[{"embeddable":true,"href":"https:\/\/www.assograie.org\/isrivers\/wp-json\/wp\/v2\/comments?post=299"}],"version-history":[{"count":3,"href":"https:\/\/www.assograie.org\/isrivers\/wp-json\/wp\/v2\/pages\/299\/revisions"}],"predecessor-version":[{"id":8208,"href":"https:\/\/www.assograie.org\/isrivers\/wp-json\/wp\/v2\/pages\/299\/revisions\/8208"}],"up":[{"embeddable":true,"href":"https:\/\/www.assograie.org\/isrivers\/wp-json\/wp\/v2\/pages\/1913"}],"wp:attachment":[{"href":"https:\/\/www.assograie.org\/isrivers\/wp-json\/wp\/v2\/media?parent=299"}],"wp:term":[{"taxonomy":"folder","embeddable":true,"href":"https:\/\/www.assograie.org\/isrivers\/wp-json\/wp\/v2\/folder?post=299"}],"curies":[{"name":"wp","href":"https:\/\/api.w.org\/{rel}","templated":true}]}}