{"id":3617,"date":"2022-03-10T15:12:06","date_gmt":"2022-03-10T14:12:06","guid":{"rendered":"https:\/\/www.assograie.org\/isrivers\/?page_id=3617"},"modified":"2025-07-11T11:24:26","modified_gmt":"2025-07-11T09:24:26","slug":"informations-pratiques","status":"publish","type":"page","link":"https:\/\/www.assograie.org\/isrivers\/participer\/informations-pratiques\/","title":{"rendered":"Informations pratiques 2025"},"content":{"rendered":"\n<p><strong>D\u00e9couvrez toutes les informations n\u00e9cessaires \u00e0 votre inscription et \u00e0 votre venue : lieux de la conf\u00e9rence, du cocktail, du d\u00eener et de la soir\u00e9e, acc\u00e8s \u00e0 Lyon et \u00e0 l&rsquo;Universit\u00e9 Lumi\u00e8re Lyon 2 (en avion, en train, en voiture, en transports en commun, en v\u00e9lo&#8230;) mais aussi h\u00e9bergements \u00e0 proximit\u00e9.<\/strong><\/p>\n\n\n\n<p><strong>Nous vous attendons nombreux !<\/strong><\/p>\n\n\n\n<div style=\"height:34px\" aria-hidden=\"true\" class=\"wp-block-spacer\"><\/div>\n\n\n\n<div class=\"wp-block-columns is-layout-flex wp-container-core-columns-is-layout-9d6595d7 wp-block-columns-is-layout-flex\">\n<div class=\"wp-block-column is-layout-flow wp-block-column-is-layout-flow\">\n<div class=\"wp-block-buttons alignwide is-content-justification-center is-layout-flex wp-container-core-buttons-is-layout-16018d1d wp-block-buttons-is-layout-flex\">\n<div class=\"wp-block-button\"><a class=\"wp-block-button__link wp-element-button\" href=\"https:\/\/www.assograie.org\/isrivers\/participer\/informations-pratiques\/lieux-conference\/\">Lieux de la conf\u00e9rence<\/a><\/div>\n<\/div>\n<\/div>\n\n\n\n<div class=\"wp-block-column is-layout-flow wp-block-column-is-layout-flow\">\n<div class=\"wp-block-buttons alignwide is-content-justification-center is-layout-flex wp-container-core-buttons-is-layout-16018d1d wp-block-buttons-is-layout-flex\">\n<div class=\"wp-block-button\"><a class=\"wp-block-button__link wp-element-button\" href=\"https:\/\/www.assograie.org\/isrivers\/participer\/informations-pratiques\/acces-transports\/\">Acc\u00e8s et transports<\/a><\/div>\n<\/div>\n<\/div>\n\n\n\n<div class=\"wp-block-column is-layout-flow wp-block-column-is-layout-flow\">\n<div class=\"wp-block-buttons alignwide is-content-justification-center is-layout-flex wp-container-core-buttons-is-layout-16018d1d wp-block-buttons-is-layout-flex\">\n<div class=\"wp-block-button\"><a class=\"wp-block-button__link wp-element-button\" href=\"https:\/\/www.assograie.org\/isrivers\/participer\/informations-pratiques\/hebergements\/\">H\u00e9bergements<\/a><\/div>\n<\/div>\n<\/div>\n<\/div>\n\n\n\n<div style=\"height:20px\" aria-hidden=\"true\" class=\"wp-block-spacer\"><\/div>\n\n\n\n<h2 class=\"wp-block-heading\">Climat<\/h2>\n\n\n\n<p>D\u00e9but juillet, l\u2019\u00e9t\u00e9 est bien install\u00e9, et il peut faire tr\u00e8s chaud \u00e0 Lyon.<\/p>\n\n\n\n<p>Les temp\u00e9ratures moyennes minimales et maximales sont respectivement de 16\u00b0C et 30\u00b0C.<\/p>\n\n\n\n<div style=\"height:20px\" aria-hidden=\"true\" class=\"wp-block-spacer\"><\/div>\n\n\n\n<h2 class=\"wp-block-heading\">Autres sites utiles<\/h2>\n\n\n\n<figure class=\"wp-block-table\"><table><tbody><tr><td><a href=\"http:\/\/www.univ-lyon2.fr\">www.univ-lyon2.fr<\/a><\/td><td>Universit\u00e9 Lumi\u00e8re Lyon 2<\/td><\/tr><tr><td><a href=\"http:\/\/www.lyon-france.com\">www.lyon-france.com<\/a><\/td><td>Office de Tourisme de Lyon<\/td><\/tr><tr><td><a href=\"http:\/\/www.lyon.fr\">www.lyon.fr<\/a><\/td><td>Ville de Lyon<\/td><\/tr><tr><td><a href=\"http:\/\/www.grandlyon.com\">www.grandlyon.com<\/a><\/td><td>Agglom\u00e9ration de Lyon<\/td><\/tr><tr><td><a href=\"http:\/\/www.sncf.com\">www.sncf.com<\/a><\/td><td>SNCF (train)<\/td><\/tr><tr><td><a href=\"http:\/\/www.lyonaeroports.com\">www.lyonaeroports.com<\/a><\/td><td>A\u00e9roports de Lyon<\/td><\/tr><tr><td><a href=\"http:\/\/www.citymapper.com\">www.citymapper.com<\/a>&nbsp;&nbsp;<\/td><td>Application pour tous vos d\u00e9placements<\/td><\/tr><\/tbody><\/table><\/figure>\n","protected":false},"excerpt":{"rendered":"<p>D\u00e9couvrez toutes les informations n\u00e9cessaires \u00e0 votre inscription et \u00e0 votre venue : lieux de la conf\u00e9rence, du cocktail, du d\u00eener et de la soir\u00e9e, acc\u00e8s \u00e0 Lyon et \u00e0 l&rsquo;Universit\u00e9 Lumi\u00e8re Lyon 2 (en avion, en train, en voiture, en transports en commun, en v\u00e9lo&#8230;) mais aussi h\u00e9bergements \u00e0 proximit\u00e9. Nous vous attendons nombreux &#8230; <a title=\"Informations pratiques 2025\" class=\"read-more\" href=\"https:\/\/www.assograie.org\/isrivers\/participer\/informations-pratiques\/\" aria-label=\"En savoir plus sur Informations pratiques 2025\">Lire la suite<\/a><\/p>\n","protected":false},"author":2,"featured_media":0,"parent":90,"menu_order":0,"comment_status":"closed","ping_status":"closed","template":"","meta":{"ngg_post_thumbnail":0,"footnotes":""},"folder":[],"class_list":["post-3617","page","type-page","status-publish"],"yoast_head":"<!-- This site is optimized with the Yoast SEO plugin v26.8 - https:\/\/yoast.com\/product\/yoast-seo-wordpress\/ -->\n<title>Informations pratiques 2025 - I.S.Rivers<\/title>\n<meta name=\"robots\" content=\"index, follow, max-snippet:-1, max-image-preview:large, max-video-preview:-1\" \/>\n<link rel=\"canonical\" href=\"https:\/\/www.assograie.org\/isrivers\/participer\/informations-pratiques\/\" \/>\n<meta property=\"og:locale\" content=\"fr_FR\" \/>\n<meta property=\"og:type\" content=\"article\" \/>\n<meta property=\"og:title\" content=\"Informations pratiques 2025 - I.S.Rivers\" \/>\n<meta property=\"og:description\" content=\"D\u00e9couvrez toutes les informations n\u00e9cessaires \u00e0 votre inscription et \u00e0 votre venue : lieux de la conf\u00e9rence, du cocktail, du d\u00eener et de la soir\u00e9e, acc\u00e8s \u00e0 Lyon et \u00e0 l&rsquo;Universit\u00e9 Lumi\u00e8re Lyon 2 (en avion, en train, en voiture, en transports en commun, en v\u00e9lo&#8230;) mais aussi h\u00e9bergements \u00e0 proximit\u00e9. Nous vous attendons nombreux ... Lire la suite\" \/>\n<meta property=\"og:url\" content=\"https:\/\/www.assograie.org\/isrivers\/participer\/informations-pratiques\/\" \/>\n<meta property=\"og:site_name\" content=\"I.S.Rivers\" \/>\n<meta property=\"article:modified_time\" content=\"2025-07-11T09:24:26+00:00\" \/>\n<meta name=\"twitter:card\" content=\"summary_large_image\" \/>\n<meta name=\"twitter:label1\" content=\"Dur\u00e9e de lecture estim\u00e9e\" \/>\n\t<meta name=\"twitter:data1\" content=\"1 minute\" \/>\n<script type=\"application\/ld+json\" class=\"yoast-schema-graph\">{\"@context\":\"https:\/\/schema.org\",\"@graph\":[{\"@type\":\"WebPage\",\"@id\":\"https:\/\/www.assograie.org\/isrivers\/participer\/informations-pratiques\/\",\"url\":\"https:\/\/www.assograie.org\/isrivers\/participer\/informations-pratiques\/\",\"name\":\"Informations pratiques 2025 - I.S.Rivers\",\"isPartOf\":{\"@id\":\"https:\/\/www.assograie.org\/isrivers\/#website\"},\"datePublished\":\"2022-03-10T14:12:06+00:00\",\"dateModified\":\"2025-07-11T09:24:26+00:00\",\"breadcrumb\":{\"@id\":\"https:\/\/www.assograie.org\/isrivers\/participer\/informations-pratiques\/#breadcrumb\"},\"inLanguage\":\"fr-FR\",\"potentialAction\":[{\"@type\":\"ReadAction\",\"target\":[\"https:\/\/www.assograie.org\/isrivers\/participer\/informations-pratiques\/\"]}]},{\"@type\":\"BreadcrumbList\",\"@id\":\"https:\/\/www.assograie.org\/isrivers\/participer\/informations-pratiques\/#breadcrumb\",\"itemListElement\":[{\"@type\":\"ListItem\",\"position\":1,\"name\":\"Accueil\",\"item\":\"https:\/\/www.assograie.org\/isrivers\/\"},{\"@type\":\"ListItem\",\"position\":2,\"name\":\"Participer\",\"item\":\"https:\/\/www.assograie.org\/isrivers\/participer\/\"},{\"@type\":\"ListItem\",\"position\":3,\"name\":\"Informations pratiques 2025\"}]},{\"@type\":\"WebSite\",\"@id\":\"https:\/\/www.assograie.org\/isrivers\/#website\",\"url\":\"https:\/\/www.assograie.org\/isrivers\/\",\"name\":\"I.S.Rivers\",\"description\":\"international conference on integrative sciences and sustainable development of rivers\",\"publisher\":{\"@id\":\"https:\/\/www.assograie.org\/isrivers\/#organization\"},\"potentialAction\":[{\"@type\":\"SearchAction\",\"target\":{\"@type\":\"EntryPoint\",\"urlTemplate\":\"https:\/\/www.assograie.org\/isrivers\/?s={search_term_string}\"},\"query-input\":{\"@type\":\"PropertyValueSpecification\",\"valueRequired\":true,\"valueName\":\"search_term_string\"}}],\"inLanguage\":\"fr-FR\"},{\"@type\":\"Organization\",\"@id\":\"https:\/\/www.assograie.org\/isrivers\/#organization\",\"name\":\"I.S.Rivers\",\"url\":\"https:\/\/www.assograie.org\/isrivers\/\",\"logo\":{\"@type\":\"ImageObject\",\"inLanguage\":\"fr-FR\",\"@id\":\"https:\/\/www.assograie.org\/isrivers\/#\/schema\/logo\/image\/\",\"url\":\"https:\/\/www.assograie.org\/isrivers\/wp-content\/uploads\/2021\/08\/cropped-Logo-IS-RIVERS-HD.jpg\",\"contentUrl\":\"https:\/\/www.assograie.org\/isrivers\/wp-content\/uploads\/2021\/08\/cropped-Logo-IS-RIVERS-HD.jpg\",\"width\":1364,\"height\":711,\"caption\":\"I.S.Rivers\"},\"image\":{\"@id\":\"https:\/\/www.assograie.org\/isrivers\/#\/schema\/logo\/image\/\"}}]}<\/script>\n<!-- \/ Yoast SEO plugin. -->","yoast_head_json":{"title":"Informations pratiques 2025 - I.S.Rivers","robots":{"index":"index","follow":"follow","max-snippet":"max-snippet:-1","max-image-preview":"max-image-preview:large","max-video-preview":"max-video-preview:-1"},"canonical":"https:\/\/www.assograie.org\/isrivers\/participer\/informations-pratiques\/","og_locale":"fr_FR","og_type":"article","og_title":"Informations pratiques 2025 - I.S.Rivers","og_description":"D\u00e9couvrez toutes les informations n\u00e9cessaires \u00e0 votre inscription et \u00e0 votre venue : lieux de la conf\u00e9rence, du cocktail, du d\u00eener et de la soir\u00e9e, acc\u00e8s \u00e0 Lyon et \u00e0 l&rsquo;Universit\u00e9 Lumi\u00e8re Lyon 2 (en avion, en train, en voiture, en transports en commun, en v\u00e9lo&#8230;) mais aussi h\u00e9bergements \u00e0 proximit\u00e9. Nous vous attendons nombreux ... Lire la suite","og_url":"https:\/\/www.assograie.org\/isrivers\/participer\/informations-pratiques\/","og_site_name":"I.S.Rivers","article_modified_time":"2025-07-11T09:24:26+00:00","twitter_card":"summary_large_image","twitter_misc":{"Dur\u00e9e de lecture estim\u00e9e":"1 minute"},"schema":{"@context":"https:\/\/schema.org","@graph":[{"@type":"WebPage","@id":"https:\/\/www.assograie.org\/isrivers\/participer\/informations-pratiques\/","url":"https:\/\/www.assograie.org\/isrivers\/participer\/informations-pratiques\/","name":"Informations pratiques 2025 - I.S.Rivers","isPartOf":{"@id":"https:\/\/www.assograie.org\/isrivers\/#website"},"datePublished":"2022-03-10T14:12:06+00:00","dateModified":"2025-07-11T09:24:26+00:00","breadcrumb":{"@id":"https:\/\/www.assograie.org\/isrivers\/participer\/informations-pratiques\/#breadcrumb"},"inLanguage":"fr-FR","potentialAction":[{"@type":"ReadAction","target":["https:\/\/www.assograie.org\/isrivers\/participer\/informations-pratiques\/"]}]},{"@type":"BreadcrumbList","@id":"https:\/\/www.assograie.org\/isrivers\/participer\/informations-pratiques\/#breadcrumb","itemListElement":[{"@type":"ListItem","position":1,"name":"Accueil","item":"https:\/\/www.assograie.org\/isrivers\/"},{"@type":"ListItem","position":2,"name":"Participer","item":"https:\/\/www.assograie.org\/isrivers\/participer\/"},{"@type":"ListItem","position":3,"name":"Informations pratiques 2025"}]},{"@type":"WebSite","@id":"https:\/\/www.assograie.org\/isrivers\/#website","url":"https:\/\/www.assograie.org\/isrivers\/","name":"I.S.Rivers","description":"international conference on integrative sciences and sustainable development of rivers","publisher":{"@id":"https:\/\/www.assograie.org\/isrivers\/#organization"},"potentialAction":[{"@type":"SearchAction","target":{"@type":"EntryPoint","urlTemplate":"https:\/\/www.assograie.org\/isrivers\/?s={search_term_string}"},"query-input":{"@type":"PropertyValueSpecification","valueRequired":true,"valueName":"search_term_string"}}],"inLanguage":"fr-FR"},{"@type":"Organization","@id":"https:\/\/www.assograie.org\/isrivers\/#organization","name":"I.S.Rivers","url":"https:\/\/www.assograie.org\/isrivers\/","logo":{"@type":"ImageObject","inLanguage":"fr-FR","@id":"https:\/\/www.assograie.org\/isrivers\/#\/schema\/logo\/image\/","url":"https:\/\/www.assograie.org\/isrivers\/wp-content\/uploads\/2021\/08\/cropped-Logo-IS-RIVERS-HD.jpg","contentUrl":"https:\/\/www.assograie.org\/isrivers\/wp-content\/uploads\/2021\/08\/cropped-Logo-IS-RIVERS-HD.jpg","width":1364,"height":711,"caption":"I.S.Rivers"},"image":{"@id":"https:\/\/www.assograie.org\/isrivers\/#\/schema\/logo\/image\/"}}]}},"_links":{"self":[{"href":"https:\/\/www.assograie.org\/isrivers\/wp-json\/wp\/v2\/pages\/3617","targetHints":{"allow":["GET"]}}],"collection":[{"href":"https:\/\/www.assograie.org\/isrivers\/wp-json\/wp\/v2\/pages"}],"about":[{"href":"https:\/\/www.assograie.org\/isrivers\/wp-json\/wp\/v2\/types\/page"}],"author":[{"embeddable":true,"href":"https:\/\/www.assograie.org\/isrivers\/wp-json\/wp\/v2\/users\/2"}],"replies":[{"embeddable":true,"href":"https:\/\/www.assograie.org\/isrivers\/wp-json\/wp\/v2\/comments?post=3617"}],"version-history":[{"count":2,"href":"https:\/\/www.assograie.org\/isrivers\/wp-json\/wp\/v2\/pages\/3617\/revisions"}],"predecessor-version":[{"id":8189,"href":"https:\/\/www.assograie.org\/isrivers\/wp-json\/wp\/v2\/pages\/3617\/revisions\/8189"}],"up":[{"embeddable":true,"href":"https:\/\/www.assograie.org\/isrivers\/wp-json\/wp\/v2\/pages\/90"}],"wp:attachment":[{"href":"https:\/\/www.assograie.org\/isrivers\/wp-json\/wp\/v2\/media?parent=3617"}],"wp:term":[{"taxonomy":"folder","embeddable":true,"href":"https:\/\/www.assograie.org\/isrivers\/wp-json\/wp\/v2\/folder?post=3617"}],"curies":[{"name":"wp","href":"https:\/\/api.w.org\/{rel}","templated":true}]}}