{"id":3622,"date":"2022-03-15T12:18:33","date_gmt":"2022-03-15T11:18:33","guid":{"rendered":"https:\/\/www.assograie.org\/isrivers\/?page_id=3622"},"modified":"2025-03-11T16:21:25","modified_gmt":"2025-03-11T15:21:25","slug":"a-l-ouest-d-isrivers","status":"publish","type":"page","link":"https:\/\/www.assograie.org\/isrivers\/a-l-ouest-d-isrivers\/","title":{"rendered":"Autour d&rsquo;I.S.Rivers"},"content":{"rendered":"\n<p><strong>Parall\u00e8lement \u00e0 la conf\u00e9rence I.S.Rivers, un \u00e9v\u00e9nement sur le th\u00e8me de l&rsquo;eau a lieu dans la ville de Lyon.<\/strong><\/p>\n\n\n\n<div style=\"height:15px\" aria-hidden=\"true\" class=\"wp-block-spacer\"><\/div>\n\n\n\n<h2 class=\"wp-block-heading\">Festival entre Rh\u00f4ne et Sa\u00f4ne<\/h2>\n\n\n\n<div class=\"wp-block-columns is-layout-flex wp-container-core-columns-is-layout-9d6595d7 wp-block-columns-is-layout-flex\">\n<div class=\"wp-block-column is-layout-flow wp-block-column-is-layout-flow\">\n<h4 class=\"wp-block-heading\">&gt; <mark style=\"background-color:rgba(0, 0, 0, 0);color:#ff7350\" class=\"has-inline-color\">4\u00e8me \u00e9dition de ce grand \u00e9v\u00e9nement annuel autour du Rh\u00f4ne et de la Sa\u00f4ne<\/mark><\/h4>\n\n\n\n<div style=\"height:20px\" aria-hidden=\"true\" class=\"wp-block-spacer\"><\/div>\n\n\n\n<p>Ce festival s\u2019adresse \u00e0 l\u2019ensemble de la population et se structure autour de 3 grands th\u00e8mes : C\u00e9l\u00e9brer, Prot\u00e9ger et D\u00e9couvrir. Si vous arrivez \u00e0 Lyon le week-end qui pr\u00e9c\u00e8de I.S.Rivers, ce festival, ouvert \u00e0 tous, est une bonne occasion de d\u00e9couvrir Lyon et ses fleuves.<\/p>\n\n\n\n<p><strong>Visite libre entre Rh\u00f4ne et Sa\u00f4ne entre le 27 et le 29 juin 2025.<\/strong><\/p>\n\n\n\n<div class=\"wp-block-buttons is-layout-flex wp-block-buttons-is-layout-flex\">\n<div class=\"wp-block-button\"><a class=\"wp-block-button__link wp-element-button\" href=\"https:\/\/entre-rhone-et-saone.fr\/\" target=\"_blank\" rel=\"noreferrer noopener\">Site web de l&rsquo;\u00e9v\u00e9nement<\/a><\/div>\n<\/div>\n<\/div>\n\n\n\n<div class=\"wp-block-column is-layout-flow wp-block-column-is-layout-flow\"><div class=\"wp-block-image\">\n<figure class=\"aligncenter size-full\"><img loading=\"lazy\" decoding=\"async\" width=\"1200\" height=\"800\" src=\"https:\/\/www.assograie.org\/isrivers\/wp-content\/uploads\/2025\/03\/2024_FERES-samedi-parade-et-rencontre-titans_\u00a9rencontre-titans.webp\" alt=\"\" class=\"wp-image-6775\" srcset=\"https:\/\/www.assograie.org\/isrivers\/wp-content\/uploads\/2025\/03\/2024_FERES-samedi-parade-et-rencontre-titans_\u00a9rencontre-titans.webp 1200w, https:\/\/www.assograie.org\/isrivers\/wp-content\/uploads\/2025\/03\/2024_FERES-samedi-parade-et-rencontre-titans_\u00a9rencontre-titans-300x200.webp 300w, https:\/\/www.assograie.org\/isrivers\/wp-content\/uploads\/2025\/03\/2024_FERES-samedi-parade-et-rencontre-titans_\u00a9rencontre-titans-1024x683.webp 1024w, https:\/\/www.assograie.org\/isrivers\/wp-content\/uploads\/2025\/03\/2024_FERES-samedi-parade-et-rencontre-titans_\u00a9rencontre-titans-768x512.webp 768w\" sizes=\"auto, (max-width: 1200px) 100vw, 1200px\" \/><figcaption class=\"wp-element-caption\">Rencontre de la tortue et de la M\u00e2checroute \u00a9 Muriel Chaulet 2024<\/figcaption><\/figure>\n<\/div><\/div>\n<\/div>\n\n\n\n<p><\/p>\n","protected":false},"excerpt":{"rendered":"<p>Parall\u00e8lement \u00e0 la conf\u00e9rence I.S.Rivers, un \u00e9v\u00e9nement sur le th\u00e8me de l&rsquo;eau a lieu dans la ville de Lyon. Festival entre Rh\u00f4ne et Sa\u00f4ne &gt; 4\u00e8me \u00e9dition de ce grand \u00e9v\u00e9nement annuel autour du Rh\u00f4ne et de la Sa\u00f4ne Ce festival s\u2019adresse \u00e0 l\u2019ensemble de la population et se structure autour de 3 grands th\u00e8mes &#8230; <a title=\"Autour d&rsquo;I.S.Rivers\" class=\"read-more\" href=\"https:\/\/www.assograie.org\/isrivers\/a-l-ouest-d-isrivers\/\" aria-label=\"En savoir plus sur Autour d&rsquo;I.S.Rivers\">Lire la suite<\/a><\/p>\n","protected":false},"author":2,"featured_media":0,"parent":0,"menu_order":0,"comment_status":"closed","ping_status":"closed","template":"","meta":{"ngg_post_thumbnail":0,"footnotes":""},"folder":[],"class_list":["post-3622","page","type-page","status-publish"],"yoast_head":"<!-- This site is optimized with the Yoast SEO plugin v26.8 - https:\/\/yoast.com\/product\/yoast-seo-wordpress\/ -->\n<title>Autour d&#039;I.S.Rivers - I.S.Rivers<\/title>\n<meta name=\"description\" content=\"Parall\u00e8lement \u00e0 la conf\u00e9rence I.S.Rivers 2022, d\u00e9couvrez les nombreux \u00e9v\u00e9nements sur le th\u00e8me de l&#039;eau ayant lieu dans la ville de Lyon.\" \/>\n<meta name=\"robots\" content=\"index, follow, max-snippet:-1, max-image-preview:large, max-video-preview:-1\" \/>\n<link rel=\"canonical\" href=\"https:\/\/www.assograie.org\/isrivers\/a-l-ouest-d-isrivers\/\" \/>\n<meta property=\"og:locale\" content=\"fr_FR\" \/>\n<meta property=\"og:type\" content=\"article\" \/>\n<meta property=\"og:title\" content=\"Autour d&#039;I.S.Rivers - I.S.Rivers\" \/>\n<meta property=\"og:description\" content=\"Parall\u00e8lement \u00e0 la conf\u00e9rence I.S.Rivers 2022, d\u00e9couvrez les nombreux \u00e9v\u00e9nements sur le th\u00e8me de l&#039;eau ayant lieu dans la ville de Lyon.\" \/>\n<meta property=\"og:url\" content=\"https:\/\/www.assograie.org\/isrivers\/a-l-ouest-d-isrivers\/\" \/>\n<meta property=\"og:site_name\" content=\"I.S.Rivers\" \/>\n<meta property=\"article:modified_time\" content=\"2025-03-11T15:21:25+00:00\" \/>\n<meta name=\"twitter:card\" content=\"summary_large_image\" \/>\n<meta name=\"twitter:label1\" content=\"Dur\u00e9e de lecture estim\u00e9e\" \/>\n\t<meta name=\"twitter:data1\" content=\"1 minute\" \/>\n<script type=\"application\/ld+json\" class=\"yoast-schema-graph\">{\"@context\":\"https:\/\/schema.org\",\"@graph\":[{\"@type\":\"WebPage\",\"@id\":\"https:\/\/www.assograie.org\/isrivers\/a-l-ouest-d-isrivers\/\",\"url\":\"https:\/\/www.assograie.org\/isrivers\/a-l-ouest-d-isrivers\/\",\"name\":\"Autour d'I.S.Rivers - I.S.Rivers\",\"isPartOf\":{\"@id\":\"https:\/\/www.assograie.org\/isrivers\/#website\"},\"datePublished\":\"2022-03-15T11:18:33+00:00\",\"dateModified\":\"2025-03-11T15:21:25+00:00\",\"description\":\"Parall\u00e8lement \u00e0 la conf\u00e9rence I.S.Rivers 2022, d\u00e9couvrez les nombreux \u00e9v\u00e9nements sur le th\u00e8me de l'eau ayant lieu dans la ville de Lyon.\",\"breadcrumb\":{\"@id\":\"https:\/\/www.assograie.org\/isrivers\/a-l-ouest-d-isrivers\/#breadcrumb\"},\"inLanguage\":\"fr-FR\",\"potentialAction\":[{\"@type\":\"ReadAction\",\"target\":[\"https:\/\/www.assograie.org\/isrivers\/a-l-ouest-d-isrivers\/\"]}]},{\"@type\":\"BreadcrumbList\",\"@id\":\"https:\/\/www.assograie.org\/isrivers\/a-l-ouest-d-isrivers\/#breadcrumb\",\"itemListElement\":[{\"@type\":\"ListItem\",\"position\":1,\"name\":\"Accueil\",\"item\":\"https:\/\/www.assograie.org\/isrivers\/\"},{\"@type\":\"ListItem\",\"position\":2,\"name\":\"Autour d&rsquo;I.S.Rivers\"}]},{\"@type\":\"WebSite\",\"@id\":\"https:\/\/www.assograie.org\/isrivers\/#website\",\"url\":\"https:\/\/www.assograie.org\/isrivers\/\",\"name\":\"I.S.Rivers\",\"description\":\"international conference on integrative sciences and sustainable development of rivers\",\"publisher\":{\"@id\":\"https:\/\/www.assograie.org\/isrivers\/#organization\"},\"potentialAction\":[{\"@type\":\"SearchAction\",\"target\":{\"@type\":\"EntryPoint\",\"urlTemplate\":\"https:\/\/www.assograie.org\/isrivers\/?s={search_term_string}\"},\"query-input\":{\"@type\":\"PropertyValueSpecification\",\"valueRequired\":true,\"valueName\":\"search_term_string\"}}],\"inLanguage\":\"fr-FR\"},{\"@type\":\"Organization\",\"@id\":\"https:\/\/www.assograie.org\/isrivers\/#organization\",\"name\":\"I.S.Rivers\",\"url\":\"https:\/\/www.assograie.org\/isrivers\/\",\"logo\":{\"@type\":\"ImageObject\",\"inLanguage\":\"fr-FR\",\"@id\":\"https:\/\/www.assograie.org\/isrivers\/#\/schema\/logo\/image\/\",\"url\":\"https:\/\/www.assograie.org\/isrivers\/wp-content\/uploads\/2021\/08\/cropped-Logo-IS-RIVERS-HD.jpg\",\"contentUrl\":\"https:\/\/www.assograie.org\/isrivers\/wp-content\/uploads\/2021\/08\/cropped-Logo-IS-RIVERS-HD.jpg\",\"width\":1364,\"height\":711,\"caption\":\"I.S.Rivers\"},\"image\":{\"@id\":\"https:\/\/www.assograie.org\/isrivers\/#\/schema\/logo\/image\/\"}}]}<\/script>\n<!-- \/ Yoast SEO plugin. -->","yoast_head_json":{"title":"Autour d'I.S.Rivers - I.S.Rivers","description":"Parall\u00e8lement \u00e0 la conf\u00e9rence I.S.Rivers 2022, d\u00e9couvrez les nombreux \u00e9v\u00e9nements sur le th\u00e8me de l'eau ayant lieu dans la ville de Lyon.","robots":{"index":"index","follow":"follow","max-snippet":"max-snippet:-1","max-image-preview":"max-image-preview:large","max-video-preview":"max-video-preview:-1"},"canonical":"https:\/\/www.assograie.org\/isrivers\/a-l-ouest-d-isrivers\/","og_locale":"fr_FR","og_type":"article","og_title":"Autour d'I.S.Rivers - I.S.Rivers","og_description":"Parall\u00e8lement \u00e0 la conf\u00e9rence I.S.Rivers 2022, d\u00e9couvrez les nombreux \u00e9v\u00e9nements sur le th\u00e8me de l'eau ayant lieu dans la ville de Lyon.","og_url":"https:\/\/www.assograie.org\/isrivers\/a-l-ouest-d-isrivers\/","og_site_name":"I.S.Rivers","article_modified_time":"2025-03-11T15:21:25+00:00","twitter_card":"summary_large_image","twitter_misc":{"Dur\u00e9e de lecture estim\u00e9e":"1 minute"},"schema":{"@context":"https:\/\/schema.org","@graph":[{"@type":"WebPage","@id":"https:\/\/www.assograie.org\/isrivers\/a-l-ouest-d-isrivers\/","url":"https:\/\/www.assograie.org\/isrivers\/a-l-ouest-d-isrivers\/","name":"Autour d'I.S.Rivers - I.S.Rivers","isPartOf":{"@id":"https:\/\/www.assograie.org\/isrivers\/#website"},"datePublished":"2022-03-15T11:18:33+00:00","dateModified":"2025-03-11T15:21:25+00:00","description":"Parall\u00e8lement \u00e0 la conf\u00e9rence I.S.Rivers 2022, d\u00e9couvrez les nombreux \u00e9v\u00e9nements sur le th\u00e8me de l'eau ayant lieu dans la ville de Lyon.","breadcrumb":{"@id":"https:\/\/www.assograie.org\/isrivers\/a-l-ouest-d-isrivers\/#breadcrumb"},"inLanguage":"fr-FR","potentialAction":[{"@type":"ReadAction","target":["https:\/\/www.assograie.org\/isrivers\/a-l-ouest-d-isrivers\/"]}]},{"@type":"BreadcrumbList","@id":"https:\/\/www.assograie.org\/isrivers\/a-l-ouest-d-isrivers\/#breadcrumb","itemListElement":[{"@type":"ListItem","position":1,"name":"Accueil","item":"https:\/\/www.assograie.org\/isrivers\/"},{"@type":"ListItem","position":2,"name":"Autour d&rsquo;I.S.Rivers"}]},{"@type":"WebSite","@id":"https:\/\/www.assograie.org\/isrivers\/#website","url":"https:\/\/www.assograie.org\/isrivers\/","name":"I.S.Rivers","description":"international conference on integrative sciences and sustainable development of rivers","publisher":{"@id":"https:\/\/www.assograie.org\/isrivers\/#organization"},"potentialAction":[{"@type":"SearchAction","target":{"@type":"EntryPoint","urlTemplate":"https:\/\/www.assograie.org\/isrivers\/?s={search_term_string}"},"query-input":{"@type":"PropertyValueSpecification","valueRequired":true,"valueName":"search_term_string"}}],"inLanguage":"fr-FR"},{"@type":"Organization","@id":"https:\/\/www.assograie.org\/isrivers\/#organization","name":"I.S.Rivers","url":"https:\/\/www.assograie.org\/isrivers\/","logo":{"@type":"ImageObject","inLanguage":"fr-FR","@id":"https:\/\/www.assograie.org\/isrivers\/#\/schema\/logo\/image\/","url":"https:\/\/www.assograie.org\/isrivers\/wp-content\/uploads\/2021\/08\/cropped-Logo-IS-RIVERS-HD.jpg","contentUrl":"https:\/\/www.assograie.org\/isrivers\/wp-content\/uploads\/2021\/08\/cropped-Logo-IS-RIVERS-HD.jpg","width":1364,"height":711,"caption":"I.S.Rivers"},"image":{"@id":"https:\/\/www.assograie.org\/isrivers\/#\/schema\/logo\/image\/"}}]}},"_links":{"self":[{"href":"https:\/\/www.assograie.org\/isrivers\/wp-json\/wp\/v2\/pages\/3622","targetHints":{"allow":["GET"]}}],"collection":[{"href":"https:\/\/www.assograie.org\/isrivers\/wp-json\/wp\/v2\/pages"}],"about":[{"href":"https:\/\/www.assograie.org\/isrivers\/wp-json\/wp\/v2\/types\/page"}],"author":[{"embeddable":true,"href":"https:\/\/www.assograie.org\/isrivers\/wp-json\/wp\/v2\/users\/2"}],"replies":[{"embeddable":true,"href":"https:\/\/www.assograie.org\/isrivers\/wp-json\/wp\/v2\/comments?post=3622"}],"version-history":[{"count":3,"href":"https:\/\/www.assograie.org\/isrivers\/wp-json\/wp\/v2\/pages\/3622\/revisions"}],"predecessor-version":[{"id":6877,"href":"https:\/\/www.assograie.org\/isrivers\/wp-json\/wp\/v2\/pages\/3622\/revisions\/6877"}],"wp:attachment":[{"href":"https:\/\/www.assograie.org\/isrivers\/wp-json\/wp\/v2\/media?parent=3622"}],"wp:term":[{"taxonomy":"folder","embeddable":true,"href":"https:\/\/www.assograie.org\/isrivers\/wp-json\/wp\/v2\/folder?post=3622"}],"curies":[{"name":"wp","href":"https:\/\/api.w.org\/{rel}","templated":true}]}}