{"id":5955,"date":"2024-12-12T08:59:35","date_gmt":"2024-12-12T07:59:35","guid":{"rendered":"https:\/\/www.assograie.org\/isrivers\/?page_id=5955"},"modified":"2025-07-11T11:18:41","modified_gmt":"2025-07-11T09:18:41","slug":"inscriptions","status":"publish","type":"page","link":"https:\/\/www.assograie.org\/isrivers\/inscriptions\/","title":{"rendered":"Inscriptions &amp; Tarifs"},"content":{"rendered":"\n<h4 class=\"wp-block-heading has-text-color has-link-color wp-elements-7e66867f48caff62b0c8087a1278152f\" style=\"color:#ee7203\"><strong>Les inscriptions sont ferm\u00e9es. Rendez-vous en 2028 !<\/strong><\/h4>\n\n\n\n<div style=\"height:50px\" aria-hidden=\"true\" class=\"wp-block-spacer\"><\/div>\n\n\n\n<h3 class=\"wp-block-heading\"><strong>Tarifs I.S.Rivers 2025<\/strong><\/h3>\n\n\n\n<p><strong>Les auteurs intervenants b\u00e9n\u00e9ficient du tarif conf\u00e9rencier<\/strong><\/p>\n\n\n\n<div style=\"height:10px\" aria-hidden=\"true\" class=\"wp-block-spacer\"><\/div>\n\n\n\n<figure class=\"wp-block-table\"><table><tbody><tr><td><strong>Tarifs<\/strong><\/td><td><strong><mark style=\"background-color:rgba(0, 0, 0, 0);color:#ee7203\" class=\"has-inline-color\">3 jours<\/mark><\/strong><\/td><td><strong><mark style=\"background-color:rgba(0, 0, 0, 0);color:#ee7203\" class=\"has-inline-color\">2 jours<\/mark><\/strong><\/td><td><strong><mark style=\"background-color:rgba(0, 0, 0, 0);color:#ee7203\" class=\"has-inline-color\">1 jour<\/mark><\/strong><\/td><\/tr><tr><td><\/td><td>Normal<\/td><td>Normal<\/td><td>Normal<\/td><\/tr><tr><td><strong>Tarif Congressiste<\/strong><\/td><td>430 \u20ac<\/td><td>380 \u20ac<\/td><td>200 \u20ac<\/td><\/tr><tr><td><strong>Tarif Intervenant (-10%)<\/strong><\/td><td>390 \u20ac<\/td><td>340 \u20ac<\/td><td>180 \u20ac<\/td><\/tr><tr><td><strong>Tarif Membre du Graie (-20%)<\/strong><\/td><td>340 \u20ac<\/td><td>300 \u20ac<\/td><td>160 \u20ac<\/td><\/tr><tr><td><strong>Tarif Workshops<\/strong><\/td><td><\/td><td><\/td><td>70 \u20ac<\/td><\/tr><tr><td><strong>Tarif Visites Techniques<\/strong><\/td><td><\/td><td><\/td><td>60 \u20ac<\/td><\/tr><\/tbody><\/table><\/figure>\n\n\n\n<div style=\"height:10px\" aria-hidden=\"true\" class=\"wp-block-spacer\"><\/div>\n\n\n\n<h3 class=\"wp-block-heading\"><strong>Conditions d&rsquo;annulation<\/strong><\/h3>\n\n\n\n<p><strong>Avant le 13\/05\/2025 :<\/strong> remboursement total<br><strong>Du 13\/05\/2025 au 13\/06\/2025 :<\/strong> retenue de 100\u20ac de frais de dossier<br><strong>Apr\u00e8s le 13\/06\/2025 :<\/strong> aucun remboursement \u2013 l\u2019inscription reste due. Les documents remis aux congressistes et les documents t\u00e9l\u00e9chargeables restent accessibles et les documents remis aux participants seront envoy\u00e9s syst\u00e9matiquement aux absents.<\/p>\n\n\n\n<div style=\"height:100px\" aria-hidden=\"true\" class=\"wp-block-spacer\"><\/div>\n\n\n\n<div class=\"wp-block-columns is-layout-flex wp-container-core-columns-is-layout-9d6595d7 wp-block-columns-is-layout-flex\">\n<div class=\"wp-block-column is-layout-flow wp-block-column-is-layout-flow\" style=\"flex-basis:68%\">\n<div class=\"wp-block-columns is-layout-flex wp-container-core-columns-is-layout-9d6595d7 wp-block-columns-is-layout-flex\">\n<div class=\"wp-block-column is-layout-flow wp-block-column-is-layout-flow\">\n<figure class=\"wp-block-image size-large\"><img loading=\"lazy\" decoding=\"async\" width=\"1024\" height=\"683\" src=\"https:\/\/www.assograie.org\/isrivers\/wp-content\/uploads\/2025\/07\/3-juillet-IS-Rivers-2025-@-Alice-Treuvey-16--1024x683.jpg\" alt=\"\" class=\"wp-image-8170\" srcset=\"https:\/\/www.assograie.org\/isrivers\/wp-content\/uploads\/2025\/07\/3-juillet-IS-Rivers-2025-@-Alice-Treuvey-16--1024x683.jpg 1024w, https:\/\/www.assograie.org\/isrivers\/wp-content\/uploads\/2025\/07\/3-juillet-IS-Rivers-2025-@-Alice-Treuvey-16--300x200.jpg 300w, https:\/\/www.assograie.org\/isrivers\/wp-content\/uploads\/2025\/07\/3-juillet-IS-Rivers-2025-@-Alice-Treuvey-16--768x512.jpg 768w, https:\/\/www.assograie.org\/isrivers\/wp-content\/uploads\/2025\/07\/3-juillet-IS-Rivers-2025-@-Alice-Treuvey-16--1536x1024.jpg 1536w, https:\/\/www.assograie.org\/isrivers\/wp-content\/uploads\/2025\/07\/3-juillet-IS-Rivers-2025-@-Alice-Treuvey-16--2048x1365.jpg 2048w\" sizes=\"auto, (max-width: 1024px) 100vw, 1024px\" \/><figcaption class=\"wp-element-caption\">\u00a9 Sessions th\u00e9matiques &#8211; I.S.Rivers 2025 \/ GRAIE<\/figcaption><\/figure>\n<\/div>\n\n\n\n<div class=\"wp-block-column is-layout-flow wp-block-column-is-layout-flow\">\n<figure class=\"wp-block-image size-large is-resized\"><img loading=\"lazy\" decoding=\"async\" width=\"1024\" height=\"768\" src=\"https:\/\/www.assograie.org\/isrivers\/wp-content\/uploads\/2022\/03\/20220203_171716-1024x768.jpg\" alt=\"\" class=\"wp-image-3783\" srcset=\"https:\/\/www.assograie.org\/isrivers\/wp-content\/uploads\/2022\/03\/20220203_171716-1024x768.jpg 1024w, https:\/\/www.assograie.org\/isrivers\/wp-content\/uploads\/2022\/03\/20220203_171716-300x225.jpg 300w, https:\/\/www.assograie.org\/isrivers\/wp-content\/uploads\/2022\/03\/20220203_171716-768x576.jpg 768w, https:\/\/www.assograie.org\/isrivers\/wp-content\/uploads\/2022\/03\/20220203_171716-1536x1152.jpg 1536w, https:\/\/www.assograie.org\/isrivers\/wp-content\/uploads\/2022\/03\/20220203_171716-2048x1536.jpg 2048w\" sizes=\"auto, (max-width: 1024px) 100vw, 1024px\" \/><figcaption class=\"wp-element-caption\"> \u00a9 Anne Clemens et les pr\u00e9sidents du comit\u00e9 scientifique <br>I.S.Rivers 2022 \/ GRAIE <\/figcaption><\/figure>\n<\/div>\n<\/div>\n\n\n\n<div class=\"wp-block-columns is-layout-flex wp-container-core-columns-is-layout-9d6595d7 wp-block-columns-is-layout-flex\">\n<div class=\"wp-block-column is-layout-flow wp-block-column-is-layout-flow\">\n<figure class=\"wp-block-image size-large\"><img loading=\"lazy\" decoding=\"async\" width=\"1024\" height=\"683\" src=\"https:\/\/www.assograie.org\/isrivers\/wp-content\/uploads\/2025\/07\/Soiree-IS-Rivers-2025-@-Alice-Treuvey-32-1024x683.jpg\" alt=\"\" class=\"wp-image-8172\" srcset=\"https:\/\/www.assograie.org\/isrivers\/wp-content\/uploads\/2025\/07\/Soiree-IS-Rivers-2025-@-Alice-Treuvey-32-1024x683.jpg 1024w, https:\/\/www.assograie.org\/isrivers\/wp-content\/uploads\/2025\/07\/Soiree-IS-Rivers-2025-@-Alice-Treuvey-32-300x200.jpg 300w, https:\/\/www.assograie.org\/isrivers\/wp-content\/uploads\/2025\/07\/Soiree-IS-Rivers-2025-@-Alice-Treuvey-32-768x512.jpg 768w, https:\/\/www.assograie.org\/isrivers\/wp-content\/uploads\/2025\/07\/Soiree-IS-Rivers-2025-@-Alice-Treuvey-32-1536x1024.jpg 1536w, https:\/\/www.assograie.org\/isrivers\/wp-content\/uploads\/2025\/07\/Soiree-IS-Rivers-2025-@-Alice-Treuvey-32-2048x1365.jpg 2048w\" sizes=\"auto, (max-width: 1024px) 100vw, 1024px\" \/><figcaption class=\"wp-element-caption\">\u00a9 D\u00eener de gala &#8211; I.S.Rivers 2025 \/ GRAIE<\/figcaption><\/figure>\n<\/div>\n\n\n\n<div class=\"wp-block-column is-layout-flow wp-block-column-is-layout-flow\">\n<figure class=\"wp-block-image size-large\"><img loading=\"lazy\" decoding=\"async\" width=\"1024\" height=\"675\" src=\"https:\/\/www.assograie.org\/isrivers\/wp-content\/uploads\/2025\/07\/DSC1507_DxO-1024x675.jpg\" alt=\"\" class=\"wp-image-8166\" srcset=\"https:\/\/www.assograie.org\/isrivers\/wp-content\/uploads\/2025\/07\/DSC1507_DxO-1024x675.jpg 1024w, https:\/\/www.assograie.org\/isrivers\/wp-content\/uploads\/2025\/07\/DSC1507_DxO-300x198.jpg 300w, https:\/\/www.assograie.org\/isrivers\/wp-content\/uploads\/2025\/07\/DSC1507_DxO-768x506.jpg 768w, https:\/\/www.assograie.org\/isrivers\/wp-content\/uploads\/2025\/07\/DSC1507_DxO-1536x1012.jpg 1536w, https:\/\/www.assograie.org\/isrivers\/wp-content\/uploads\/2025\/07\/DSC1507_DxO-2048x1350.jpg 2048w\" sizes=\"auto, (max-width: 1024px) 100vw, 1024px\" \/><figcaption class=\"wp-element-caption\">\u00a9 Posters &#8211; I.S.Rivers 2025 \/ GRAIE<\/figcaption><\/figure>\n<\/div>\n<\/div>\n\n\n\n<div class=\"wp-block-columns is-layout-flex wp-container-core-columns-is-layout-9d6595d7 wp-block-columns-is-layout-flex\">\n<div class=\"wp-block-column is-layout-flow wp-block-column-is-layout-flow\">\n<figure class=\"wp-block-image size-large\"><img loading=\"lazy\" decoding=\"async\" width=\"1024\" height=\"674\" src=\"https:\/\/www.assograie.org\/isrivers\/wp-content\/uploads\/2025\/07\/DSC0853_DxO-2-1024x674.jpg\" alt=\"\" class=\"wp-image-8178\" srcset=\"https:\/\/www.assograie.org\/isrivers\/wp-content\/uploads\/2025\/07\/DSC0853_DxO-2-1024x674.jpg 1024w, https:\/\/www.assograie.org\/isrivers\/wp-content\/uploads\/2025\/07\/DSC0853_DxO-2-300x197.jpg 300w, https:\/\/www.assograie.org\/isrivers\/wp-content\/uploads\/2025\/07\/DSC0853_DxO-2-768x505.jpg 768w, https:\/\/www.assograie.org\/isrivers\/wp-content\/uploads\/2025\/07\/DSC0853_DxO-2-1536x1010.jpg 1536w, https:\/\/www.assograie.org\/isrivers\/wp-content\/uploads\/2025\/07\/DSC0853_DxO-2-2048x1347.jpg 2048w\" sizes=\"auto, (max-width: 1024px) 100vw, 1024px\" \/><figcaption class=\"wp-element-caption\">\u00a9 Pl\u00e9ni\u00e8re d&rsquo;ouverture &#8211; I.S.Rivers 2025 \/ GRAIE<\/figcaption><\/figure>\n<\/div>\n<\/div>\n<\/div>\n\n\n\n<div class=\"wp-block-column is-layout-flow wp-block-column-is-layout-flow\" style=\"flex-basis:32%\">\n<div style=\"height:10px\" aria-hidden=\"true\" class=\"wp-block-spacer\"><\/div>\n\n\n\n<figure class=\"wp-block-image size-large\"><img loading=\"lazy\" decoding=\"async\" width=\"1024\" height=\"768\" src=\"https:\/\/www.assograie.org\/isrivers\/wp-content\/uploads\/2025\/07\/20250630_091149-1024x768.jpg\" alt=\"\" class=\"wp-image-8168\" srcset=\"https:\/\/www.assograie.org\/isrivers\/wp-content\/uploads\/2025\/07\/20250630_091149-1024x768.jpg 1024w, https:\/\/www.assograie.org\/isrivers\/wp-content\/uploads\/2025\/07\/20250630_091149-300x225.jpg 300w, https:\/\/www.assograie.org\/isrivers\/wp-content\/uploads\/2025\/07\/20250630_091149-768x576.jpg 768w, https:\/\/www.assograie.org\/isrivers\/wp-content\/uploads\/2025\/07\/20250630_091149-1536x1152.jpg 1536w, https:\/\/www.assograie.org\/isrivers\/wp-content\/uploads\/2025\/07\/20250630_091149-2048x1536.jpg 2048w\" sizes=\"auto, (max-width: 1024px) 100vw, 1024px\" \/><figcaption class=\"wp-element-caption\">\u00a9 Workshops &#8211; I.S.Rivers 2025 \/ GRAIE <\/figcaption><\/figure>\n\n\n\n<div style=\"height:50px\" aria-hidden=\"true\" class=\"wp-block-spacer\"><\/div>\n\n\n<div class=\"wp-block-image is-resized\">\n<figure class=\"aligncenter size-large\"><img loading=\"lazy\" decoding=\"async\" width=\"1024\" height=\"768\" src=\"https:\/\/www.assograie.org\/isrivers\/wp-content\/uploads\/2025\/07\/20250704_102011-1-1024x768.jpg\" alt=\"\" class=\"wp-image-8175\" srcset=\"https:\/\/www.assograie.org\/isrivers\/wp-content\/uploads\/2025\/07\/20250704_102011-1-1024x768.jpg 1024w, https:\/\/www.assograie.org\/isrivers\/wp-content\/uploads\/2025\/07\/20250704_102011-1-300x225.jpg 300w, https:\/\/www.assograie.org\/isrivers\/wp-content\/uploads\/2025\/07\/20250704_102011-1-768x576.jpg 768w, https:\/\/www.assograie.org\/isrivers\/wp-content\/uploads\/2025\/07\/20250704_102011-1-1536x1152.jpg 1536w, https:\/\/www.assograie.org\/isrivers\/wp-content\/uploads\/2025\/07\/20250704_102011-1-2048x1536.jpg 2048w\" sizes=\"auto, (max-width: 1024px) 100vw, 1024px\" \/><figcaption class=\"wp-element-caption\">\u00a9 Visites techniques &#8211; I.S.Rivers 2025 \/ GRAIE<\/figcaption><\/figure>\n<\/div><\/div>\n<\/div>\n","protected":false},"excerpt":{"rendered":"<p>Les inscriptions sont ferm\u00e9es. Rendez-vous en 2028 ! Tarifs I.S.Rivers 2025 Les auteurs intervenants b\u00e9n\u00e9ficient du tarif conf\u00e9rencier Tarifs 3 jours 2 jours 1 jour Normal Normal Normal Tarif Congressiste 430 \u20ac 380 \u20ac 200 \u20ac Tarif Intervenant (-10%) 390 \u20ac 340 \u20ac 180 \u20ac Tarif Membre du Graie (-20%) 340 \u20ac 300 \u20ac 160 &#8230; <a title=\"Inscriptions &amp; Tarifs\" class=\"read-more\" href=\"https:\/\/www.assograie.org\/isrivers\/inscriptions\/\" aria-label=\"En savoir plus sur Inscriptions &amp; Tarifs\">Lire la suite<\/a><\/p>\n","protected":false},"author":2,"featured_media":0,"parent":0,"menu_order":0,"comment_status":"closed","ping_status":"closed","template":"","meta":{"ngg_post_thumbnail":0,"footnotes":""},"folder":[],"class_list":["post-5955","page","type-page","status-publish"],"yoast_head":"<!-- This site is optimized with the Yoast SEO plugin v26.8 - https:\/\/yoast.com\/product\/yoast-seo-wordpress\/ -->\n<title>Inscriptions &amp; Tarifs - I.S.Rivers<\/title>\n<meta name=\"robots\" content=\"index, follow, max-snippet:-1, max-image-preview:large, max-video-preview:-1\" \/>\n<link rel=\"canonical\" href=\"https:\/\/www.assograie.org\/isrivers\/inscriptions\/\" \/>\n<meta property=\"og:locale\" content=\"fr_FR\" \/>\n<meta property=\"og:type\" content=\"article\" \/>\n<meta property=\"og:title\" content=\"Inscriptions &amp; Tarifs - I.S.Rivers\" \/>\n<meta property=\"og:description\" content=\"Les inscriptions sont ferm\u00e9es. Rendez-vous en 2028 ! Tarifs I.S.Rivers 2025 Les auteurs intervenants b\u00e9n\u00e9ficient du tarif conf\u00e9rencier Tarifs 3 jours 2 jours 1 jour Normal Normal Normal Tarif Congressiste 430 \u20ac 380 \u20ac 200 \u20ac Tarif Intervenant (-10%) 390 \u20ac 340 \u20ac 180 \u20ac Tarif Membre du Graie (-20%) 340 \u20ac 300 \u20ac 160 ... Lire la suite\" \/>\n<meta property=\"og:url\" content=\"https:\/\/www.assograie.org\/isrivers\/inscriptions\/\" \/>\n<meta property=\"og:site_name\" content=\"I.S.Rivers\" \/>\n<meta property=\"article:modified_time\" content=\"2025-07-11T09:18:41+00:00\" \/>\n<meta property=\"og:image\" content=\"https:\/\/www.assograie.org\/isrivers\/wp-content\/uploads\/2025\/07\/3-juillet-IS-Rivers-2025-@-Alice-Treuvey-16--scaled.jpg\" \/>\n\t<meta property=\"og:image:width\" content=\"2560\" \/>\n\t<meta property=\"og:image:height\" content=\"1707\" \/>\n\t<meta property=\"og:image:type\" content=\"image\/jpeg\" \/>\n<meta name=\"twitter:card\" content=\"summary_large_image\" \/>\n<meta name=\"twitter:label1\" content=\"Dur\u00e9e de lecture estim\u00e9e\" \/>\n\t<meta name=\"twitter:data1\" content=\"3 minutes\" \/>\n<script type=\"application\/ld+json\" class=\"yoast-schema-graph\">{\"@context\":\"https:\/\/schema.org\",\"@graph\":[{\"@type\":\"WebPage\",\"@id\":\"https:\/\/www.assograie.org\/isrivers\/inscriptions\/\",\"url\":\"https:\/\/www.assograie.org\/isrivers\/inscriptions\/\",\"name\":\"Inscriptions &amp; Tarifs - I.S.Rivers\",\"isPartOf\":{\"@id\":\"https:\/\/www.assograie.org\/isrivers\/#website\"},\"primaryImageOfPage\":{\"@id\":\"https:\/\/www.assograie.org\/isrivers\/inscriptions\/#primaryimage\"},\"image\":{\"@id\":\"https:\/\/www.assograie.org\/isrivers\/inscriptions\/#primaryimage\"},\"thumbnailUrl\":\"https:\/\/www.assograie.org\/isrivers\/wp-content\/uploads\/2025\/07\/3-juillet-IS-Rivers-2025-@-Alice-Treuvey-16--1024x683.jpg\",\"datePublished\":\"2024-12-12T07:59:35+00:00\",\"dateModified\":\"2025-07-11T09:18:41+00:00\",\"breadcrumb\":{\"@id\":\"https:\/\/www.assograie.org\/isrivers\/inscriptions\/#breadcrumb\"},\"inLanguage\":\"fr-FR\",\"potentialAction\":[{\"@type\":\"ReadAction\",\"target\":[\"https:\/\/www.assograie.org\/isrivers\/inscriptions\/\"]}]},{\"@type\":\"ImageObject\",\"inLanguage\":\"fr-FR\",\"@id\":\"https:\/\/www.assograie.org\/isrivers\/inscriptions\/#primaryimage\",\"url\":\"https:\/\/www.assograie.org\/isrivers\/wp-content\/uploads\/2025\/07\/3-juillet-IS-Rivers-2025-@-Alice-Treuvey-16--scaled.jpg\",\"contentUrl\":\"https:\/\/www.assograie.org\/isrivers\/wp-content\/uploads\/2025\/07\/3-juillet-IS-Rivers-2025-@-Alice-Treuvey-16--scaled.jpg\",\"width\":2560,\"height\":1707},{\"@type\":\"BreadcrumbList\",\"@id\":\"https:\/\/www.assograie.org\/isrivers\/inscriptions\/#breadcrumb\",\"itemListElement\":[{\"@type\":\"ListItem\",\"position\":1,\"name\":\"Accueil\",\"item\":\"https:\/\/www.assograie.org\/isrivers\/\"},{\"@type\":\"ListItem\",\"position\":2,\"name\":\"Inscriptions &amp; Tarifs\"}]},{\"@type\":\"WebSite\",\"@id\":\"https:\/\/www.assograie.org\/isrivers\/#website\",\"url\":\"https:\/\/www.assograie.org\/isrivers\/\",\"name\":\"I.S.Rivers\",\"description\":\"international conference on integrative sciences and sustainable development of rivers\",\"publisher\":{\"@id\":\"https:\/\/www.assograie.org\/isrivers\/#organization\"},\"potentialAction\":[{\"@type\":\"SearchAction\",\"target\":{\"@type\":\"EntryPoint\",\"urlTemplate\":\"https:\/\/www.assograie.org\/isrivers\/?s={search_term_string}\"},\"query-input\":{\"@type\":\"PropertyValueSpecification\",\"valueRequired\":true,\"valueName\":\"search_term_string\"}}],\"inLanguage\":\"fr-FR\"},{\"@type\":\"Organization\",\"@id\":\"https:\/\/www.assograie.org\/isrivers\/#organization\",\"name\":\"I.S.Rivers\",\"url\":\"https:\/\/www.assograie.org\/isrivers\/\",\"logo\":{\"@type\":\"ImageObject\",\"inLanguage\":\"fr-FR\",\"@id\":\"https:\/\/www.assograie.org\/isrivers\/#\/schema\/logo\/image\/\",\"url\":\"https:\/\/www.assograie.org\/isrivers\/wp-content\/uploads\/2021\/08\/cropped-Logo-IS-RIVERS-HD.jpg\",\"contentUrl\":\"https:\/\/www.assograie.org\/isrivers\/wp-content\/uploads\/2021\/08\/cropped-Logo-IS-RIVERS-HD.jpg\",\"width\":1364,\"height\":711,\"caption\":\"I.S.Rivers\"},\"image\":{\"@id\":\"https:\/\/www.assograie.org\/isrivers\/#\/schema\/logo\/image\/\"}}]}<\/script>\n<!-- \/ Yoast SEO plugin. -->","yoast_head_json":{"title":"Inscriptions &amp; Tarifs - I.S.Rivers","robots":{"index":"index","follow":"follow","max-snippet":"max-snippet:-1","max-image-preview":"max-image-preview:large","max-video-preview":"max-video-preview:-1"},"canonical":"https:\/\/www.assograie.org\/isrivers\/inscriptions\/","og_locale":"fr_FR","og_type":"article","og_title":"Inscriptions &amp; Tarifs - I.S.Rivers","og_description":"Les inscriptions sont ferm\u00e9es. Rendez-vous en 2028 ! Tarifs I.S.Rivers 2025 Les auteurs intervenants b\u00e9n\u00e9ficient du tarif conf\u00e9rencier Tarifs 3 jours 2 jours 1 jour Normal Normal Normal Tarif Congressiste 430 \u20ac 380 \u20ac 200 \u20ac Tarif Intervenant (-10%) 390 \u20ac 340 \u20ac 180 \u20ac Tarif Membre du Graie (-20%) 340 \u20ac 300 \u20ac 160 ... Lire la suite","og_url":"https:\/\/www.assograie.org\/isrivers\/inscriptions\/","og_site_name":"I.S.Rivers","article_modified_time":"2025-07-11T09:18:41+00:00","og_image":[{"width":2560,"height":1707,"url":"https:\/\/www.assograie.org\/isrivers\/wp-content\/uploads\/2025\/07\/3-juillet-IS-Rivers-2025-@-Alice-Treuvey-16--scaled.jpg","type":"image\/jpeg"}],"twitter_card":"summary_large_image","twitter_misc":{"Dur\u00e9e de lecture estim\u00e9e":"3 minutes"},"schema":{"@context":"https:\/\/schema.org","@graph":[{"@type":"WebPage","@id":"https:\/\/www.assograie.org\/isrivers\/inscriptions\/","url":"https:\/\/www.assograie.org\/isrivers\/inscriptions\/","name":"Inscriptions &amp; Tarifs - I.S.Rivers","isPartOf":{"@id":"https:\/\/www.assograie.org\/isrivers\/#website"},"primaryImageOfPage":{"@id":"https:\/\/www.assograie.org\/isrivers\/inscriptions\/#primaryimage"},"image":{"@id":"https:\/\/www.assograie.org\/isrivers\/inscriptions\/#primaryimage"},"thumbnailUrl":"https:\/\/www.assograie.org\/isrivers\/wp-content\/uploads\/2025\/07\/3-juillet-IS-Rivers-2025-@-Alice-Treuvey-16--1024x683.jpg","datePublished":"2024-12-12T07:59:35+00:00","dateModified":"2025-07-11T09:18:41+00:00","breadcrumb":{"@id":"https:\/\/www.assograie.org\/isrivers\/inscriptions\/#breadcrumb"},"inLanguage":"fr-FR","potentialAction":[{"@type":"ReadAction","target":["https:\/\/www.assograie.org\/isrivers\/inscriptions\/"]}]},{"@type":"ImageObject","inLanguage":"fr-FR","@id":"https:\/\/www.assograie.org\/isrivers\/inscriptions\/#primaryimage","url":"https:\/\/www.assograie.org\/isrivers\/wp-content\/uploads\/2025\/07\/3-juillet-IS-Rivers-2025-@-Alice-Treuvey-16--scaled.jpg","contentUrl":"https:\/\/www.assograie.org\/isrivers\/wp-content\/uploads\/2025\/07\/3-juillet-IS-Rivers-2025-@-Alice-Treuvey-16--scaled.jpg","width":2560,"height":1707},{"@type":"BreadcrumbList","@id":"https:\/\/www.assograie.org\/isrivers\/inscriptions\/#breadcrumb","itemListElement":[{"@type":"ListItem","position":1,"name":"Accueil","item":"https:\/\/www.assograie.org\/isrivers\/"},{"@type":"ListItem","position":2,"name":"Inscriptions &amp; Tarifs"}]},{"@type":"WebSite","@id":"https:\/\/www.assograie.org\/isrivers\/#website","url":"https:\/\/www.assograie.org\/isrivers\/","name":"I.S.Rivers","description":"international conference on integrative sciences and sustainable development of rivers","publisher":{"@id":"https:\/\/www.assograie.org\/isrivers\/#organization"},"potentialAction":[{"@type":"SearchAction","target":{"@type":"EntryPoint","urlTemplate":"https:\/\/www.assograie.org\/isrivers\/?s={search_term_string}"},"query-input":{"@type":"PropertyValueSpecification","valueRequired":true,"valueName":"search_term_string"}}],"inLanguage":"fr-FR"},{"@type":"Organization","@id":"https:\/\/www.assograie.org\/isrivers\/#organization","name":"I.S.Rivers","url":"https:\/\/www.assograie.org\/isrivers\/","logo":{"@type":"ImageObject","inLanguage":"fr-FR","@id":"https:\/\/www.assograie.org\/isrivers\/#\/schema\/logo\/image\/","url":"https:\/\/www.assograie.org\/isrivers\/wp-content\/uploads\/2021\/08\/cropped-Logo-IS-RIVERS-HD.jpg","contentUrl":"https:\/\/www.assograie.org\/isrivers\/wp-content\/uploads\/2021\/08\/cropped-Logo-IS-RIVERS-HD.jpg","width":1364,"height":711,"caption":"I.S.Rivers"},"image":{"@id":"https:\/\/www.assograie.org\/isrivers\/#\/schema\/logo\/image\/"}}]}},"_links":{"self":[{"href":"https:\/\/www.assograie.org\/isrivers\/wp-json\/wp\/v2\/pages\/5955","targetHints":{"allow":["GET"]}}],"collection":[{"href":"https:\/\/www.assograie.org\/isrivers\/wp-json\/wp\/v2\/pages"}],"about":[{"href":"https:\/\/www.assograie.org\/isrivers\/wp-json\/wp\/v2\/types\/page"}],"author":[{"embeddable":true,"href":"https:\/\/www.assograie.org\/isrivers\/wp-json\/wp\/v2\/users\/2"}],"replies":[{"embeddable":true,"href":"https:\/\/www.assograie.org\/isrivers\/wp-json\/wp\/v2\/comments?post=5955"}],"version-history":[{"count":2,"href":"https:\/\/www.assograie.org\/isrivers\/wp-json\/wp\/v2\/pages\/5955\/revisions"}],"predecessor-version":[{"id":8185,"href":"https:\/\/www.assograie.org\/isrivers\/wp-json\/wp\/v2\/pages\/5955\/revisions\/8185"}],"wp:attachment":[{"href":"https:\/\/www.assograie.org\/isrivers\/wp-json\/wp\/v2\/media?parent=5955"}],"wp:term":[{"taxonomy":"folder","embeddable":true,"href":"https:\/\/www.assograie.org\/isrivers\/wp-json\/wp\/v2\/folder?post=5955"}],"curies":[{"name":"wp","href":"https:\/\/api.w.org\/{rel}","templated":true}]}}