{"id":6980,"date":"2025-03-13T09:54:00","date_gmt":"2025-03-13T08:54:00","guid":{"rendered":"https:\/\/www.assograie.org\/isrivers\/?page_id=6980"},"modified":"2025-07-11T10:44:59","modified_gmt":"2025-07-11T08:44:59","slug":"les-temps-conviviaux","status":"publish","type":"page","link":"https:\/\/www.assograie.org\/isrivers\/les-temps-conviviaux\/","title":{"rendered":"Les temps conviviaux"},"content":{"rendered":"\n<div class=\"wp-block-columns is-layout-flex wp-container-core-columns-is-layout-9d6595d7 wp-block-columns-is-layout-flex\">\n<div class=\"wp-block-column is-layout-flow wp-block-column-is-layout-flow\">\n<h3 class=\"wp-block-heading\">Cocktail dinatoire de bienvenue<\/h3>\n\n\n\n<p>Un cocktail de bienvenue est organis\u00e9 le lundi soir, premier jour de la conf\u00e9rence. Un moment de convivialit\u00e9 privil\u00e9gi\u00e9 pour retrouver vos coll\u00e8gues venus du monde entier !<\/p>\n\n\n\n<p><\/p>\n\n\n\n<h3 class=\"wp-block-heading\">Go\u00fbter cocktail de cl\u00f4ture<\/h3>\n\n\n\n<p>Avant de se quitter, nous profiterons d&rsquo;un temps de convivialit\u00e9 le jeudi soir sous forme de go\u00fbter-cocktail. Un dernier temps d&rsquo;\u00e9changes avant de se dire au revoir jusqu&rsquo;\u00e0 la prochaine \u00e9dition. <\/p>\n<\/div>\n\n\n\n<div class=\"wp-block-column is-layout-flow wp-block-column-is-layout-flow\">\n<h3 class=\"wp-block-heading\">D\u00eener et soir\u00e9e I.S.RIvers<\/h3>\n\n\n\n<p>La soir\u00e9e I.S.Rivers est avant tout un moment de convivialit\u00e9. Un cocktail vous est propos\u00e9 suivi du repas durant lequel vous pourrez profiter des animations.<\/p>\n\n\n\n<p>La soir\u00e9e I.S.Rivers, qui a lieu le mercredi, est ouverte uniquement aux personnes qui s&rsquo;inscrivent aux 3 jours de conf\u00e9rences.<\/p>\n\n\n\n<p>Rendez-vous sur <a href=\"https:\/\/www.assograie.org\/isrivers\/participer\/informations-pratiques\/lieux-conference\/\">notre page d\u00e9di\u00e9e <\/a>pour plus d&rsquo;informations sur les lieux de la conf\u00e9rence et de la soir\u00e9e I.S.Rivers.<\/p>\n<\/div>\n<\/div>\n\n\n\n<div class=\"wp-block-columns is-layout-flex wp-container-core-columns-is-layout-9d6595d7 wp-block-columns-is-layout-flex\">\n<div class=\"wp-block-column is-layout-flow wp-block-column-is-layout-flow\"><div class=\"wp-block-image\">\n<figure class=\"aligncenter size-large is-resized\"><img loading=\"lazy\" decoding=\"async\" width=\"1024\" height=\"683\" src=\"https:\/\/www.assograie.org\/isrivers\/wp-content\/uploads\/2025\/07\/Soiree-IS-Rivers-2025-@-Alice-Treuvey-2-1-1024x683.jpg\" alt=\"\" class=\"wp-image-8161\" style=\"width:664px;height:auto\" srcset=\"https:\/\/www.assograie.org\/isrivers\/wp-content\/uploads\/2025\/07\/Soiree-IS-Rivers-2025-@-Alice-Treuvey-2-1-1024x683.jpg 1024w, https:\/\/www.assograie.org\/isrivers\/wp-content\/uploads\/2025\/07\/Soiree-IS-Rivers-2025-@-Alice-Treuvey-2-1-300x200.jpg 300w, https:\/\/www.assograie.org\/isrivers\/wp-content\/uploads\/2025\/07\/Soiree-IS-Rivers-2025-@-Alice-Treuvey-2-1-768x512.jpg 768w, https:\/\/www.assograie.org\/isrivers\/wp-content\/uploads\/2025\/07\/Soiree-IS-Rivers-2025-@-Alice-Treuvey-2-1-1536x1024.jpg 1536w, https:\/\/www.assograie.org\/isrivers\/wp-content\/uploads\/2025\/07\/Soiree-IS-Rivers-2025-@-Alice-Treuvey-2-1-2048x1365.jpg 2048w\" sizes=\"auto, (max-width: 1024px) 100vw, 1024px\" \/><\/figure>\n<\/div>\n\n\n<p><\/p>\n<\/div>\n<\/div>\n\n\n\n<div class=\"wp-block-columns is-layout-flex wp-container-core-columns-is-layout-9d6595d7 wp-block-columns-is-layout-flex\">\n<div class=\"wp-block-column is-layout-flow wp-block-column-is-layout-flow\">\n<h3 class=\"wp-block-heading\">Personnes accompagnantes<\/h3>\n\n\n\n<p>Un programme de d\u00e9couverte simple et convivial pour les personnes accompagnantes :<\/p>\n\n\n\n<ul class=\"wp-block-list\">\n<li>un point rencontre est propos\u00e9 lors du cocktail de bienvenue \u00e0 l&rsquo;Universit\u00e9 Lyon 2 ;<\/li>\n\n\n\n<li>la soir\u00e9e de gala<strong> <\/strong>\u00e0 partager avec les congressistes.<\/li>\n<\/ul>\n\n\n\n<h4 class=\"wp-block-heading\"><br><\/h4>\n\n\n\n<div style=\"height:20px\" aria-hidden=\"true\" class=\"wp-block-spacer\"><\/div>\n<\/div>\n\n\n\n<div class=\"wp-block-column is-layout-flow wp-block-column-is-layout-flow\"><\/div>\n<\/div>\n","protected":false},"excerpt":{"rendered":"<p>Cocktail dinatoire de bienvenue Un cocktail de bienvenue est organis\u00e9 le lundi soir, premier jour de la conf\u00e9rence. Un moment de convivialit\u00e9 privil\u00e9gi\u00e9 pour retrouver vos coll\u00e8gues venus du monde entier ! Go\u00fbter cocktail de cl\u00f4ture Avant de se quitter, nous profiterons d&rsquo;un temps de convivialit\u00e9 le jeudi soir sous forme de go\u00fbter-cocktail. Un dernier &#8230; <a title=\"Les temps conviviaux\" class=\"read-more\" href=\"https:\/\/www.assograie.org\/isrivers\/les-temps-conviviaux\/\" aria-label=\"En savoir plus sur Les temps conviviaux\">Lire la suite<\/a><\/p>\n","protected":false},"author":2,"featured_media":0,"parent":0,"menu_order":0,"comment_status":"closed","ping_status":"closed","template":"","meta":{"ngg_post_thumbnail":0,"footnotes":""},"folder":[],"class_list":["post-6980","page","type-page","status-publish"],"yoast_head":"<!-- This site is optimized with the Yoast SEO plugin v26.8 - https:\/\/yoast.com\/product\/yoast-seo-wordpress\/ -->\n<title>Les temps conviviaux - I.S.Rivers<\/title>\n<meta name=\"robots\" content=\"index, follow, max-snippet:-1, max-image-preview:large, max-video-preview:-1\" \/>\n<link rel=\"canonical\" href=\"https:\/\/www.assograie.org\/isrivers\/les-temps-conviviaux\/\" \/>\n<meta property=\"og:locale\" content=\"fr_FR\" \/>\n<meta property=\"og:type\" content=\"article\" \/>\n<meta property=\"og:title\" content=\"Les temps conviviaux - I.S.Rivers\" \/>\n<meta property=\"og:description\" content=\"Cocktail dinatoire de bienvenue Un cocktail de bienvenue est organis\u00e9 le lundi soir, premier jour de la conf\u00e9rence. Un moment de convivialit\u00e9 privil\u00e9gi\u00e9 pour retrouver vos coll\u00e8gues venus du monde entier ! Go\u00fbter cocktail de cl\u00f4ture Avant de se quitter, nous profiterons d&rsquo;un temps de convivialit\u00e9 le jeudi soir sous forme de go\u00fbter-cocktail. Un dernier ... Lire la suite\" \/>\n<meta property=\"og:url\" content=\"https:\/\/www.assograie.org\/isrivers\/les-temps-conviviaux\/\" \/>\n<meta property=\"og:site_name\" content=\"I.S.Rivers\" \/>\n<meta property=\"article:modified_time\" content=\"2025-07-11T08:44:59+00:00\" \/>\n<meta property=\"og:image\" content=\"https:\/\/www.assograie.org\/isrivers\/wp-content\/uploads\/2025\/07\/Soiree-IS-Rivers-2025-@-Alice-Treuvey-2-1-scaled.jpg\" \/>\n\t<meta property=\"og:image:width\" content=\"2560\" \/>\n\t<meta property=\"og:image:height\" content=\"1707\" \/>\n\t<meta property=\"og:image:type\" content=\"image\/jpeg\" \/>\n<meta name=\"twitter:card\" content=\"summary_large_image\" \/>\n<meta name=\"twitter:label1\" content=\"Dur\u00e9e de lecture estim\u00e9e\" \/>\n\t<meta name=\"twitter:data1\" content=\"2 minutes\" \/>\n<script type=\"application\/ld+json\" class=\"yoast-schema-graph\">{\"@context\":\"https:\/\/schema.org\",\"@graph\":[{\"@type\":\"WebPage\",\"@id\":\"https:\/\/www.assograie.org\/isrivers\/les-temps-conviviaux\/\",\"url\":\"https:\/\/www.assograie.org\/isrivers\/les-temps-conviviaux\/\",\"name\":\"Les temps conviviaux - I.S.Rivers\",\"isPartOf\":{\"@id\":\"https:\/\/www.assograie.org\/isrivers\/#website\"},\"primaryImageOfPage\":{\"@id\":\"https:\/\/www.assograie.org\/isrivers\/les-temps-conviviaux\/#primaryimage\"},\"image\":{\"@id\":\"https:\/\/www.assograie.org\/isrivers\/les-temps-conviviaux\/#primaryimage\"},\"thumbnailUrl\":\"https:\/\/www.assograie.org\/isrivers\/wp-content\/uploads\/2025\/07\/Soiree-IS-Rivers-2025-@-Alice-Treuvey-2-1-1024x683.jpg\",\"datePublished\":\"2025-03-13T08:54:00+00:00\",\"dateModified\":\"2025-07-11T08:44:59+00:00\",\"breadcrumb\":{\"@id\":\"https:\/\/www.assograie.org\/isrivers\/les-temps-conviviaux\/#breadcrumb\"},\"inLanguage\":\"fr-FR\",\"potentialAction\":[{\"@type\":\"ReadAction\",\"target\":[\"https:\/\/www.assograie.org\/isrivers\/les-temps-conviviaux\/\"]}]},{\"@type\":\"ImageObject\",\"inLanguage\":\"fr-FR\",\"@id\":\"https:\/\/www.assograie.org\/isrivers\/les-temps-conviviaux\/#primaryimage\",\"url\":\"https:\/\/www.assograie.org\/isrivers\/wp-content\/uploads\/2025\/07\/Soiree-IS-Rivers-2025-@-Alice-Treuvey-2-1-scaled.jpg\",\"contentUrl\":\"https:\/\/www.assograie.org\/isrivers\/wp-content\/uploads\/2025\/07\/Soiree-IS-Rivers-2025-@-Alice-Treuvey-2-1-scaled.jpg\",\"width\":2560,\"height\":1707},{\"@type\":\"BreadcrumbList\",\"@id\":\"https:\/\/www.assograie.org\/isrivers\/les-temps-conviviaux\/#breadcrumb\",\"itemListElement\":[{\"@type\":\"ListItem\",\"position\":1,\"name\":\"Accueil\",\"item\":\"https:\/\/www.assograie.org\/isrivers\/\"},{\"@type\":\"ListItem\",\"position\":2,\"name\":\"Les temps conviviaux\"}]},{\"@type\":\"WebSite\",\"@id\":\"https:\/\/www.assograie.org\/isrivers\/#website\",\"url\":\"https:\/\/www.assograie.org\/isrivers\/\",\"name\":\"I.S.Rivers\",\"description\":\"international conference on integrative sciences and sustainable development of rivers\",\"publisher\":{\"@id\":\"https:\/\/www.assograie.org\/isrivers\/#organization\"},\"potentialAction\":[{\"@type\":\"SearchAction\",\"target\":{\"@type\":\"EntryPoint\",\"urlTemplate\":\"https:\/\/www.assograie.org\/isrivers\/?s={search_term_string}\"},\"query-input\":{\"@type\":\"PropertyValueSpecification\",\"valueRequired\":true,\"valueName\":\"search_term_string\"}}],\"inLanguage\":\"fr-FR\"},{\"@type\":\"Organization\",\"@id\":\"https:\/\/www.assograie.org\/isrivers\/#organization\",\"name\":\"I.S.Rivers\",\"url\":\"https:\/\/www.assograie.org\/isrivers\/\",\"logo\":{\"@type\":\"ImageObject\",\"inLanguage\":\"fr-FR\",\"@id\":\"https:\/\/www.assograie.org\/isrivers\/#\/schema\/logo\/image\/\",\"url\":\"https:\/\/www.assograie.org\/isrivers\/wp-content\/uploads\/2021\/08\/cropped-Logo-IS-RIVERS-HD.jpg\",\"contentUrl\":\"https:\/\/www.assograie.org\/isrivers\/wp-content\/uploads\/2021\/08\/cropped-Logo-IS-RIVERS-HD.jpg\",\"width\":1364,\"height\":711,\"caption\":\"I.S.Rivers\"},\"image\":{\"@id\":\"https:\/\/www.assograie.org\/isrivers\/#\/schema\/logo\/image\/\"}}]}<\/script>\n<!-- \/ Yoast SEO plugin. -->","yoast_head_json":{"title":"Les temps conviviaux - I.S.Rivers","robots":{"index":"index","follow":"follow","max-snippet":"max-snippet:-1","max-image-preview":"max-image-preview:large","max-video-preview":"max-video-preview:-1"},"canonical":"https:\/\/www.assograie.org\/isrivers\/les-temps-conviviaux\/","og_locale":"fr_FR","og_type":"article","og_title":"Les temps conviviaux - I.S.Rivers","og_description":"Cocktail dinatoire de bienvenue Un cocktail de bienvenue est organis\u00e9 le lundi soir, premier jour de la conf\u00e9rence. Un moment de convivialit\u00e9 privil\u00e9gi\u00e9 pour retrouver vos coll\u00e8gues venus du monde entier ! Go\u00fbter cocktail de cl\u00f4ture Avant de se quitter, nous profiterons d&rsquo;un temps de convivialit\u00e9 le jeudi soir sous forme de go\u00fbter-cocktail. Un dernier ... Lire la suite","og_url":"https:\/\/www.assograie.org\/isrivers\/les-temps-conviviaux\/","og_site_name":"I.S.Rivers","article_modified_time":"2025-07-11T08:44:59+00:00","og_image":[{"width":2560,"height":1707,"url":"https:\/\/www.assograie.org\/isrivers\/wp-content\/uploads\/2025\/07\/Soiree-IS-Rivers-2025-@-Alice-Treuvey-2-1-scaled.jpg","type":"image\/jpeg"}],"twitter_card":"summary_large_image","twitter_misc":{"Dur\u00e9e de lecture estim\u00e9e":"2 minutes"},"schema":{"@context":"https:\/\/schema.org","@graph":[{"@type":"WebPage","@id":"https:\/\/www.assograie.org\/isrivers\/les-temps-conviviaux\/","url":"https:\/\/www.assograie.org\/isrivers\/les-temps-conviviaux\/","name":"Les temps conviviaux - I.S.Rivers","isPartOf":{"@id":"https:\/\/www.assograie.org\/isrivers\/#website"},"primaryImageOfPage":{"@id":"https:\/\/www.assograie.org\/isrivers\/les-temps-conviviaux\/#primaryimage"},"image":{"@id":"https:\/\/www.assograie.org\/isrivers\/les-temps-conviviaux\/#primaryimage"},"thumbnailUrl":"https:\/\/www.assograie.org\/isrivers\/wp-content\/uploads\/2025\/07\/Soiree-IS-Rivers-2025-@-Alice-Treuvey-2-1-1024x683.jpg","datePublished":"2025-03-13T08:54:00+00:00","dateModified":"2025-07-11T08:44:59+00:00","breadcrumb":{"@id":"https:\/\/www.assograie.org\/isrivers\/les-temps-conviviaux\/#breadcrumb"},"inLanguage":"fr-FR","potentialAction":[{"@type":"ReadAction","target":["https:\/\/www.assograie.org\/isrivers\/les-temps-conviviaux\/"]}]},{"@type":"ImageObject","inLanguage":"fr-FR","@id":"https:\/\/www.assograie.org\/isrivers\/les-temps-conviviaux\/#primaryimage","url":"https:\/\/www.assograie.org\/isrivers\/wp-content\/uploads\/2025\/07\/Soiree-IS-Rivers-2025-@-Alice-Treuvey-2-1-scaled.jpg","contentUrl":"https:\/\/www.assograie.org\/isrivers\/wp-content\/uploads\/2025\/07\/Soiree-IS-Rivers-2025-@-Alice-Treuvey-2-1-scaled.jpg","width":2560,"height":1707},{"@type":"BreadcrumbList","@id":"https:\/\/www.assograie.org\/isrivers\/les-temps-conviviaux\/#breadcrumb","itemListElement":[{"@type":"ListItem","position":1,"name":"Accueil","item":"https:\/\/www.assograie.org\/isrivers\/"},{"@type":"ListItem","position":2,"name":"Les temps conviviaux"}]},{"@type":"WebSite","@id":"https:\/\/www.assograie.org\/isrivers\/#website","url":"https:\/\/www.assograie.org\/isrivers\/","name":"I.S.Rivers","description":"international conference on integrative sciences and sustainable development of rivers","publisher":{"@id":"https:\/\/www.assograie.org\/isrivers\/#organization"},"potentialAction":[{"@type":"SearchAction","target":{"@type":"EntryPoint","urlTemplate":"https:\/\/www.assograie.org\/isrivers\/?s={search_term_string}"},"query-input":{"@type":"PropertyValueSpecification","valueRequired":true,"valueName":"search_term_string"}}],"inLanguage":"fr-FR"},{"@type":"Organization","@id":"https:\/\/www.assograie.org\/isrivers\/#organization","name":"I.S.Rivers","url":"https:\/\/www.assograie.org\/isrivers\/","logo":{"@type":"ImageObject","inLanguage":"fr-FR","@id":"https:\/\/www.assograie.org\/isrivers\/#\/schema\/logo\/image\/","url":"https:\/\/www.assograie.org\/isrivers\/wp-content\/uploads\/2021\/08\/cropped-Logo-IS-RIVERS-HD.jpg","contentUrl":"https:\/\/www.assograie.org\/isrivers\/wp-content\/uploads\/2021\/08\/cropped-Logo-IS-RIVERS-HD.jpg","width":1364,"height":711,"caption":"I.S.Rivers"},"image":{"@id":"https:\/\/www.assograie.org\/isrivers\/#\/schema\/logo\/image\/"}}]}},"_links":{"self":[{"href":"https:\/\/www.assograie.org\/isrivers\/wp-json\/wp\/v2\/pages\/6980","targetHints":{"allow":["GET"]}}],"collection":[{"href":"https:\/\/www.assograie.org\/isrivers\/wp-json\/wp\/v2\/pages"}],"about":[{"href":"https:\/\/www.assograie.org\/isrivers\/wp-json\/wp\/v2\/types\/page"}],"author":[{"embeddable":true,"href":"https:\/\/www.assograie.org\/isrivers\/wp-json\/wp\/v2\/users\/2"}],"replies":[{"embeddable":true,"href":"https:\/\/www.assograie.org\/isrivers\/wp-json\/wp\/v2\/comments?post=6980"}],"version-history":[{"count":2,"href":"https:\/\/www.assograie.org\/isrivers\/wp-json\/wp\/v2\/pages\/6980\/revisions"}],"predecessor-version":[{"id":8163,"href":"https:\/\/www.assograie.org\/isrivers\/wp-json\/wp\/v2\/pages\/6980\/revisions\/8163"}],"wp:attachment":[{"href":"https:\/\/www.assograie.org\/isrivers\/wp-json\/wp\/v2\/media?parent=6980"}],"wp:term":[{"taxonomy":"folder","embeddable":true,"href":"https:\/\/www.assograie.org\/isrivers\/wp-json\/wp\/v2\/folder?post=6980"}],"curies":[{"name":"wp","href":"https:\/\/api.w.org\/{rel}","templated":true}]}}